{"id":3626,"date":"2025-10-17T11:39:48","date_gmt":"2025-10-17T09:39:48","guid":{"rendered":"https:\/\/nau-uniforms.pl\/?post_type=product&#038;p=3626"},"modified":"2026-02-26T10:12:56","modified_gmt":"2026-02-26T09:12:56","slug":"spodnie-medyczne-meskie","status":"publish","type":"product","link":"https:\/\/nau-uniforms.pl\/index.php\/produkt\/spodnie-medyczne-meskie\/","title":{"rendered":"Spodnie medyczne m\u0119skie"},"content":{"rendered":"<p style=\"font-weight: 400;\">M\u0119skie spodnie medyczne NAU to nowoczesne joggery zako\u0144czone elastyczn\u0105\u00a0\u00a0gumk\u0105 przy kostce. Nasze spodnie to nie tylko\u00a0nowoczesny i modny wygl\u0105d, kt\u00f3ry pozwoli Ci wyrazi\u0107 sw\u00f3j styl nawet w miejscu pracy, ale przede wszystkim komfort i praktyczno\u015b\u0107. Pami\u0119tali\u015bmy te\u017c o kieszeniach \u2013 w tym modelu znajdziesz ich a\u017c sze\u015b\u0107, tak, aby\u015b m\u00f3g\u0142 pomie\u015bci\u0107 wszystkie niezb\u0119dne narz\u0119dzia i akcesoria.<\/p>\n<p style=\"font-weight: 400;\">Spodnie posiadaj\u0105 wysoki stan, kt\u00f3ry nie tylko zapewni wygod\u0119, ale te\u017c pozwoli Ci na swobodne poruszanie si\u0119 podczas pracy.\u00a0Koniecznie pami\u0119taj o naci\u0105gni\u0119ciu spodni wysoko a problem zsuwaj\u0105cej si\u0119 podczas wykonywania obowi\u0105zk\u00f3w odzie\u017cy zniknie bezpowrotnie! Dzi\u0119ki\u00a0gumce i\u00a0sznurkowi w pasie, dopasujesz\u00a0ubranie\u00a0do Twojego indywidualnego rozmiaru i komfortu.<\/p>\n<p style=\"font-weight: 400;\">Jak wszystkie scrubs&#8217;y\u00a0<b><strong>NAU<\/strong><\/b>, spodnie m\u0119skie zosta\u0142y uszyte z mi\u0119kkiego, lekko lej\u0105cego si\u0119 i przyjemnego w dotyku materia\u0142u. Tkanina fantastycznie uk\u0142ada si\u0119, wygl\u0105da elegancko a na dodatek jest elastyczna i odprowadza wilgo\u0107. To jeszcze nie wszystko! Scrubsy\u00a0<b><strong>NAU<\/strong><\/b>\u00a0s\u0105 wytrzyma\u0142e i \u0142atwe w utrzymaniu &#8211; je\u015bli nie masz czasu i energii na prasowanie, spr\u00f3buj naszej metody &#8211; po wypraniu rozwie\u015b sw\u00f3j scrubs na wieszaku a rano\u00a0b\u0119dzie ponownie gotowy do dzia\u0142ania.<\/p>\n<p style=\"font-weight: 400;\"><b><strong>NAU<\/strong><\/b>\u00a0s\u0105 jak druga sk\u00f3ra!<\/p>\n<p style=\"font-weight: 400;\">Materia\u0142: 73% poliester, 23% wiskoza, 4% elastan<\/p>\n<p style=\"font-weight: 400;\">Pami\u0119taj prosz\u0119, \u017ce rzeczywiste kolory produkt\u00f3w mog\u0105 nieznacznie r\u00f3\u017cni\u0107 si\u0119 od tych przedstawionych na zdj\u0119ciach znajduj\u0105cych si\u0119 na naszej stronie. Cz\u0119sto zale\u017cy to od ustawie\u0144 monitora\/ekranu, poniewa\u017c u ka\u017cdego z nas mog\u0119 si\u0119 one nieco r\u00f3\u017cni\u0107.<\/p>\n<p style=\"font-weight: 400;\">TABELA ROZMIAR\u00d3W SPODNI M\u0118SKICH<\/p>\n<p style=\"font-weight: 400;\">Wymiary podane w centymetrach\u00a0<b><strong>mierzone na p\u0142asko<\/strong><\/b><\/p>\n<table style=\"font-weight: 400; height: 147px;\" width=\"552\">\n<tbody>\n<tr>\n<td width=\"85\"><\/td>\n<td width=\"86\"><b><strong>pas<\/strong><\/b><\/td>\n<td width=\"126\"><b><strong>pas po rozci\u0105gni\u0119ciu<\/strong><\/b><\/td>\n<td width=\"99\"><b><strong>d\u0142ugo\u015b\u0107 ca\u0142kowita<\/strong><\/b><\/td>\n<td width=\"116\"><b><strong>d\u0142ugo\u015b\u0107 wewn\u0119trzna nogawki<\/strong><\/b><\/td>\n<\/tr>\n<tr>\n<td width=\"85\"><b><strong>M<\/strong><\/b><\/td>\n<td width=\"86\">40<\/td>\n<td width=\"126\">44<\/td>\n<td width=\"99\">102<\/td>\n<td width=\"116\">73<\/td>\n<\/tr>\n<tr>\n<td width=\"85\"><b><strong>L<\/strong><\/b><\/td>\n<td width=\"86\">42<\/td>\n<td width=\"126\">46<\/td>\n<td width=\"99\">103<\/td>\n<td width=\"116\">74<\/td>\n<\/tr>\n<tr>\n<td width=\"85\"><b><strong>XL<\/strong><\/b><\/td>\n<td width=\"86\">44<\/td>\n<td width=\"126\">48<\/td>\n<td width=\"99\">104<\/td>\n<td width=\"116\">75<\/td>\n<\/tr>\n<tr>\n<td width=\"85\"><b><strong>XXL<\/strong><\/b><\/td>\n<td width=\"86\">46<\/td>\n<td width=\"126\">50<\/td>\n<td width=\"99\">105<\/td>\n<td width=\"116\">76<\/td>\n<\/tr>\n<\/tbody>\n<\/table>\n","protected":false},"excerpt":{"rendered":"<p>Spodnie medyczne o nowoczesnym i wygodnym kroju jogger\u00f3w. Posiadaj\u0105 a\u017c sze\u015b\u0107 praktycznych i pojemnych kieszeni, w kt\u00f3rych pomie\u015bcisz niezb\u0119dne narz\u0119dzia i akcesoria. Wysoki stan i elastyczny materia\u0142 zapewniaj\u0105 komfort przez ca\u0142y dzie\u0144.<\/p>\n","protected":false},"featured_media":0,"comment_status":"open","ping_status":"closed","template":"","meta":[],"product_brand":[],"product_cat":[89],"product_tag":[],"class_list":{"0":"post-3626","1":"product","2":"type-product","3":"status-publish","5":"product_cat-spodnie-medyczne-meskie","6":"pa_kolor-azzurro-2","7":"pa_kolor-blueberry-midnight","8":"pa_kolor-gray-whisper-2","9":"pa_kolor-pardon-my-dijon-2","10":"pa_kolor-sooo-royal-2","11":"pa_rozmiar-s","12":"pa_rozmiar-m","13":"pa_rozmiar-l","14":"pa_rozmiar-xl","15":"pa_rozmiar-xxl","17":"first","18":"instock","19":"sale","20":"taxable","21":"shipping-taxable","22":"purchasable","23":"product-type-variable","24":"rtwpvg-product"},"jetpack_sharing_enabled":true,"_links":{"self":[{"href":"https:\/\/nau-uniforms.pl\/index.php\/wp-json\/wp\/v2\/product\/3626","targetHints":{"allow":["GET"]}}],"collection":[{"href":"https:\/\/nau-uniforms.pl\/index.php\/wp-json\/wp\/v2\/product"}],"about":[{"href":"https:\/\/nau-uniforms.pl\/index.php\/wp-json\/wp\/v2\/types\/product"}],"replies":[{"embeddable":true,"href":"https:\/\/nau-uniforms.pl\/index.php\/wp-json\/wp\/v2\/comments?post=3626"}],"wp:attachment":[{"href":"https:\/\/nau-uniforms.pl\/index.php\/wp-json\/wp\/v2\/media?parent=3626"}],"wp:term":[{"taxonomy":"product_brand","embeddable":true,"href":"https:\/\/nau-uniforms.pl\/index.php\/wp-json\/wp\/v2\/product_brand?post=3626"},{"taxonomy":"product_cat","embeddable":true,"href":"https:\/\/nau-uniforms.pl\/index.php\/wp-json\/wp\/v2\/product_cat?post=3626"},{"taxonomy":"product_tag","embeddable":true,"href":"https:\/\/nau-uniforms.pl\/index.php\/wp-json\/wp\/v2\/product_tag?post=3626"}],"curies":[{"name":"wp","href":"https:\/\/api.w.org\/{rel}","templated":true}]}}