{"id":3599,"date":"2025-10-17T11:36:14","date_gmt":"2025-10-17T09:36:14","guid":{"rendered":"https:\/\/nau-uniforms.pl\/?post_type=product&#038;p=3599"},"modified":"2026-02-26T10:12:56","modified_gmt":"2026-02-26T09:12:56","slug":"bluza-medyczna-meska","status":"publish","type":"product","link":"https:\/\/nau-uniforms.pl\/index.php\/produkt\/bluza-medyczna-meska\/","title":{"rendered":"Bluza medyczna m\u0119ska"},"content":{"rendered":"<p style=\"font-weight: 400;\">Bluza medyczna m\u0119ska\u00a0<b><strong>NAU<\/strong><\/b>\u00a0posiada lu\u017any, niekr\u0119puj\u0105cy ruch\u00f3w kr\u00f3j. Nowoczesny design podkre\u015bla profesjonalizm i dodaje pewno\u015bci siebie. Funkcjonalno\u015b\u0107 zapewniaj\u0105 liczne kieszenie: du\u017ca na piersi, specjalna kieszonka na d\u0142ugopis oraz jedna a kart\u0119 lub identyfikator. Bluza wykonana jest z najwy\u017cszej jako\u015bci materia\u0142u, kt\u00f3ry jest\u00a0\u00a0i doskonale przepuszcza powietrze. \u015awietnie komponuje si\u0119 ze spodniami medycznymi NAU. Model dost\u0119pny jest w r\u00f3\u017cnych kolorach.To jeszcze nie wszystko! Scrubsy\u00a0<b><strong>NAU<\/strong><\/b>\u00a0s\u0105 wytrzyma\u0142e i \u0142atwe w utrzymaniu &#8211; je\u015bli nie masz czasu i energii na prasowanie, spr\u00f3buj naszej metody &#8211; \u00a0po wypraniu rozwie\u015b sw\u00f3j scrubs na wieszaku a rano\u00a0b\u0119dzie ponownie gotowy do dzia\u0142ania.<\/p>\n<p style=\"font-weight: 400;\">NAU\u00a0s\u0105 jak druga sk\u00f3ra!<\/p>\n<p style=\"font-weight: 400;\">Materia\u0142: 73% poliester, 23% wiskoza, 4% elastan<\/p>\n<p style=\"font-weight: 400;\">Pami\u0119taj prosz\u0119, \u017ce rzeczywiste kolory produkt\u00f3w mog\u0105 nieznacznie r\u00f3\u017cni\u0107 si\u0119 od tych przedstawionych na zdj\u0119ciach znajduj\u0105cych si\u0119 na naszej stronie. Cz\u0119sto zale\u017cy to od ustawie\u0144 monitora\/ekranu, poniewa\u017c u ka\u017cdego z nas mog\u0119 si\u0119 one nieco r\u00f3\u017cni\u0107.<\/p>\n<p style=\"font-weight: 400;\">TABELA ROZMIAR\u00d3W BLUZY M\u0118SKIEJ<\/p>\n<p style=\"font-weight: 400;\">Wymiary podane w centymetrach\u00a0<b><strong>mierzone na p\u0142asko<\/strong><\/b><\/p>\n<table style=\"font-weight: 400; height: 152px;\" width=\"587\">\n<tbody>\n<tr>\n<td width=\"101\">BLUZA M\u0118SKA<\/td>\n<td width=\"101\"><b><strong>obw\u00f3d klatki<\/strong><\/b><\/td>\n<td width=\"101\"><b><strong>d\u0142ugo\u015b\u0107\u00a0<\/strong><\/b><\/td>\n<td width=\"186\"><b><strong>szeroko\u015b\u0107 r\u0119kawa<\/strong><\/b><\/td>\n<\/tr>\n<tr>\n<td width=\"101\"><b><strong>M<\/strong><\/b><\/td>\n<td width=\"101\">58<\/td>\n<td width=\"101\">74<\/td>\n<td width=\"186\">21<\/td>\n<\/tr>\n<tr>\n<td width=\"101\"><b><strong>L<\/strong><\/b><\/td>\n<td width=\"101\">60<\/td>\n<td width=\"101\">75<\/td>\n<td width=\"186\">21<\/td>\n<\/tr>\n<tr>\n<td width=\"101\"><b><strong>XL<\/strong><\/b><\/td>\n<td width=\"101\">62<\/td>\n<td width=\"101\">75<\/td>\n<td width=\"186\">22<\/td>\n<\/tr>\n<tr>\n<td width=\"101\"><b><strong>XXL<\/strong><\/b><\/td>\n<td width=\"101\">64<\/td>\n<td width=\"101\">76<\/td>\n<td width=\"186\">23<\/td>\n<\/tr>\n<\/tbody>\n<\/table>\n","protected":false},"excerpt":{"rendered":"<div class=\"row product-info-row\">\n<div class=\"col-md-6 col-product-info\">\n<div id=\"col-product-info\">\n<div class=\"product-information\">\n<div class=\"product-actions js-product-actions\">\n<div id=\"product-description-short\" class=\"rte-content product-description\">\n<p>M\u0119ska bluza medyczna o nowoczesnym i komfortowym kroju. W tym modelu zastosowali\u015bmy dekolt w serek i r\u0119kawy przed \u0142okie\u0107. Bluza posiada a\u017c trzy praktyczne kieszenie, w kt\u00f3rych pomie\u015bcisz niezb\u0119dne przedmioty.<\/p>\n<\/div>\n<\/div>\n<\/div>\n<\/div>\n<\/div>\n<\/div>\n","protected":false},"featured_media":0,"comment_status":"open","ping_status":"closed","template":"","meta":[],"product_brand":[],"product_cat":[88],"product_tag":[],"class_list":{"0":"post-3599","1":"product","2":"type-product","3":"status-publish","5":"product_cat-bluzy-medyczne-meskie","6":"pa_kolor-azzurro-2","7":"pa_kolor-blueberry-midnight","8":"pa_kolor-gray-whisper-2","9":"pa_kolor-pardon-my-dijon-2","10":"pa_kolor-sooo-royal-2","11":"pa_rozmiar-s","12":"pa_rozmiar-m","13":"pa_rozmiar-l","14":"pa_rozmiar-xl","15":"pa_rozmiar-xxl","17":"first","18":"instock","19":"sale","20":"taxable","21":"shipping-taxable","22":"purchasable","23":"product-type-variable","24":"rtwpvg-product"},"jetpack_sharing_enabled":true,"_links":{"self":[{"href":"https:\/\/nau-uniforms.pl\/index.php\/wp-json\/wp\/v2\/product\/3599","targetHints":{"allow":["GET"]}}],"collection":[{"href":"https:\/\/nau-uniforms.pl\/index.php\/wp-json\/wp\/v2\/product"}],"about":[{"href":"https:\/\/nau-uniforms.pl\/index.php\/wp-json\/wp\/v2\/types\/product"}],"replies":[{"embeddable":true,"href":"https:\/\/nau-uniforms.pl\/index.php\/wp-json\/wp\/v2\/comments?post=3599"}],"wp:attachment":[{"href":"https:\/\/nau-uniforms.pl\/index.php\/wp-json\/wp\/v2\/media?parent=3599"}],"wp:term":[{"taxonomy":"product_brand","embeddable":true,"href":"https:\/\/nau-uniforms.pl\/index.php\/wp-json\/wp\/v2\/product_brand?post=3599"},{"taxonomy":"product_cat","embeddable":true,"href":"https:\/\/nau-uniforms.pl\/index.php\/wp-json\/wp\/v2\/product_cat?post=3599"},{"taxonomy":"product_tag","embeddable":true,"href":"https:\/\/nau-uniforms.pl\/index.php\/wp-json\/wp\/v2\/product_tag?post=3599"}],"curies":[{"name":"wp","href":"https:\/\/api.w.org\/{rel}","templated":true}]}}