{"id":3547,"date":"2025-10-17T11:28:45","date_gmt":"2025-10-17T09:28:45","guid":{"rendered":"https:\/\/nau-uniforms.pl\/?post_type=product&#038;p=3547"},"modified":"2026-05-13T12:46:12","modified_gmt":"2026-05-13T10:46:12","slug":"spodnie-medyczne-ossa","status":"publish","type":"product","link":"https:\/\/nau-uniforms.pl\/index.php\/produkt\/spodnie-medyczne-ossa\/","title":{"rendered":"Spodnie medyczne OSSA"},"content":{"rendered":"<p style=\"font-weight: 400;\">Joggery od\u00a0<b><strong>NAU<\/strong><\/b>\u00a0to nowoczesny i modny wygl\u0105d, kt\u00f3ry pozwoli Ci wyrazi\u0107 sw\u00f3j styl nawet w miejscu pracy. Spodnie\u00a0Ossa\u00a0posiadaj\u0105 wysoki stan, kt\u00f3ry nie tylko zapewni wygod\u0119, ale te\u017c pozwoli Ci na swobodne poruszanie si\u0119 podczas pracy.\u00a0Koniecznie pami\u0119taj o naci\u0105gni\u0119ciu spodni wysoko a problem zsuwaj\u0105cej si\u0119 podczas wykonywania obowi\u0105zk\u00f3w odzie\u017cy zniknie bezpowrotnie! Dzi\u0119ki\u00a0gumce i\u00a0sznurkowi w pasie, dopasujesz\u00a0ubranie\u00a0do Twojego indywidualnego rozmiaru i komfortu.<\/p>\n<p style=\"font-weight: 400;\">Jak wszystkie scrubs&#8217;y\u00a0<b><strong>NAU<\/strong><\/b>, Ossa zosta\u0142y uszyte z mi\u0119kkiego, lekko lej\u0105cego si\u0119 i przyjemnego w dotyku materia\u0142u. Tkanina fantastycznie uk\u0142ada si\u0119, wygl\u0105da elegancko a na dodatek jest elastyczna i odprowadza wilgo\u0107. To jeszcze nie wszystko! Scrubsy\u00a0<b><strong>NAU<\/strong><\/b>\u00a0s\u0105 wytrzyma\u0142e i \u0142atwe w utrzymaniu &#8211; je\u015bli nie masz czasu i energii na prasowanie, spr\u00f3buj naszej metody &#8211; po wypraniu rozwie\u015b sw\u00f3j scrubs na wieszaku a rano\u00a0b\u0119dzie ponownie gotowy do dzia\u0142ania.<\/p>\n<p style=\"font-weight: 400;\"><b><strong>NAU<\/strong><\/b>\u00a0s\u0105 jak druga sk\u00f3ra!<\/p>\n<p style=\"font-weight: 400;\">Materia\u0142: 73% poliester, 23% wiskoza, 4% elastan<\/p>\n<p style=\"font-weight: 400;\">TABELA ROZMIAR\u00d3W SPODNI<\/p>\n<p style=\"font-weight: 400;\">Wymiary podane w centymetrach\u00a0<b><strong>mierzone na p\u0142asko<\/strong><\/b><\/p>\n<table style=\"font-weight: 400; height: 461px;\" width=\"656\">\n<tbody>\n<tr>\n<td width=\"101\"><\/td>\n<td width=\"101\"><b><strong>pas<\/strong><\/b><\/td>\n<td width=\"101\"><b><strong>pas po rozci\u0105gni\u0119ciu<\/strong><\/b><\/td>\n<td width=\"101\"><b><strong>biodra<\/strong><\/b><\/td>\n<td width=\"101\"><b><strong>d\u0142ugo\u015b\u0107 ca\u0142kowita<\/strong><\/b><\/td>\n<td width=\"101\"><b><strong>d\u0142ugo\u015b\u0107 wewn\u0119trzna nogawki<\/strong><\/b><\/td>\n<\/tr>\n<tr>\n<td width=\"101\"><b><strong>XS<\/strong><\/b><\/td>\n<td width=\"101\">34<\/td>\n<td width=\"101\">38<\/td>\n<td width=\"101\">49<\/td>\n<td width=\"101\">99<\/td>\n<td width=\"101\">70<\/td>\n<\/tr>\n<tr>\n<td width=\"101\"><b><strong>S<\/strong><\/b><\/td>\n<td width=\"101\">36<\/td>\n<td width=\"101\">40<\/td>\n<td width=\"101\">51<\/td>\n<td width=\"101\">100<\/td>\n<td width=\"101\">71<\/td>\n<\/tr>\n<tr>\n<td width=\"101\"><b><strong>M<\/strong><\/b><\/td>\n<td width=\"101\">38<\/td>\n<td width=\"101\">42<\/td>\n<td width=\"101\">53<\/td>\n<td width=\"101\">101<\/td>\n<td width=\"101\">72<\/td>\n<\/tr>\n<tr>\n<td width=\"101\"><b><strong>L<\/strong><\/b><\/td>\n<td width=\"101\">40<\/td>\n<td width=\"101\">44<\/td>\n<td width=\"101\">55<\/td>\n<td width=\"101\">102<\/td>\n<td width=\"101\">73<\/td>\n<\/tr>\n<tr>\n<td width=\"101\"><b><strong>XL<\/strong><\/b><\/td>\n<td width=\"101\">42<\/td>\n<td width=\"101\">46<\/td>\n<td width=\"101\">57<\/td>\n<td width=\"101\">103<\/td>\n<td width=\"101\">74<\/td>\n<\/tr>\n<tr>\n<td width=\"101\"><b><strong>XXL<\/strong><\/b><\/td>\n<td width=\"101\">44<\/td>\n<td width=\"101\">48<\/td>\n<td width=\"101\">59<\/td>\n<td width=\"101\">104<\/td>\n<td width=\"101\">75<\/td>\n<\/tr>\n<\/tbody>\n<\/table>\n<p style=\"font-weight: 400;\">Pami\u0119taj prosz\u0119, \u017ce rzeczywiste kolory produkt\u00f3w mog\u0105 nieznacznie r\u00f3\u017cni\u0107 si\u0119 od tych przedstawionych na zdj\u0119ciach znajduj\u0105cych si\u0119 na naszej stronie. Cz\u0119sto zale\u017cy to od ustawie\u0144 monitora\/ekranu, poniewa\u017c u ka\u017cdego z nas mog\u0119 si\u0119 one nieco r\u00f3\u017cni\u0107.<\/p>\n","protected":false},"excerpt":{"rendered":"<p>Spodnie medyczne o nowoczesnym i wygodnym kroju jogger\u00f3w. Posiadaj\u0105 a\u017c pi\u0119\u0107 praktycznych i pojemnych kieszeni, w kt\u00f3rych pomie\u015bcisz niezb\u0119dne narz\u0119dzia i akcesoria. Wysoki stan i elastyczny materia\u0142 zapewniaj\u0105 komfort przez ca\u0142y dzie\u0144.<\/p>\n<p>SIS TIP: Je\u015bli zastanawiasz si\u0119 pomi\u0119dzy rozmiarami, mo\u017cesz wybra\u0107 mniejszy &#8211; spodnie b\u0119d\u0105 bardziej dopasowane, je\u015bli chcesz, aby spodnie by\u0142y lu\u017aniejsze, wybierz sw\u00f3j rozmiar. Pami\u0119taj, \u017ce spodnie maj\u0105 wysoki stan, nale\u017cy je naci\u0105gn\u0105\u0107 w g\u00f3r\u0119, unikniesz kr\u0119puj\u0105cych sytuacji i nie b\u0119dziesz pokazywa\u0107 &#8222;U\u015bmiechu hydraulika &#8222;:)<\/p>\n","protected":false},"featured_media":0,"comment_status":"open","ping_status":"closed","template":"","meta":[],"product_brand":[],"product_cat":[87],"product_tag":[],"class_list":{"0":"post-3547","1":"product","2":"type-product","3":"status-publish","5":"product_cat-spodnie-medyczne-damskie","6":"pa_kolor-azzurro-2","7":"pa_kolor-blueberry-midnight","8":"pa_kolor-caffe-latte-please-2","9":"pa_kolor-feeling-coralicious-2","10":"pa_kolor-frosted-latte-love-2","11":"pa_kolor-gray-whisper-2","12":"pa_kolor-lady-in-pink-2","13":"pa_kolor-lavender-field-2","14":"pa_kolor-leaf-it-to-me-2","15":"pa_kolor-pardon-my-dijon-2","16":"pa_kolor-rose-all-night-2","17":"pa_kolor-sooo-royal-2","18":"pa_rozmiar-xs","19":"pa_rozmiar-s","20":"pa_rozmiar-m","21":"pa_rozmiar-l","22":"pa_rozmiar-xl","23":"pa_rozmiar-xxl","25":"first","26":"instock","27":"taxable","28":"shipping-taxable","29":"purchasable","30":"product-type-variable","31":"rtwpvg-product"},"jetpack_sharing_enabled":true,"_links":{"self":[{"href":"https:\/\/nau-uniforms.pl\/index.php\/wp-json\/wp\/v2\/product\/3547","targetHints":{"allow":["GET"]}}],"collection":[{"href":"https:\/\/nau-uniforms.pl\/index.php\/wp-json\/wp\/v2\/product"}],"about":[{"href":"https:\/\/nau-uniforms.pl\/index.php\/wp-json\/wp\/v2\/types\/product"}],"replies":[{"embeddable":true,"href":"https:\/\/nau-uniforms.pl\/index.php\/wp-json\/wp\/v2\/comments?post=3547"}],"wp:attachment":[{"href":"https:\/\/nau-uniforms.pl\/index.php\/wp-json\/wp\/v2\/media?parent=3547"}],"wp:term":[{"taxonomy":"product_brand","embeddable":true,"href":"https:\/\/nau-uniforms.pl\/index.php\/wp-json\/wp\/v2\/product_brand?post=3547"},{"taxonomy":"product_cat","embeddable":true,"href":"https:\/\/nau-uniforms.pl\/index.php\/wp-json\/wp\/v2\/product_cat?post=3547"},{"taxonomy":"product_tag","embeddable":true,"href":"https:\/\/nau-uniforms.pl\/index.php\/wp-json\/wp\/v2\/product_tag?post=3547"}],"curies":[{"name":"wp","href":"https:\/\/api.w.org\/{rel}","templated":true}]}}