{"id":3515,"date":"2025-10-17T11:24:23","date_gmt":"2025-10-17T09:24:23","guid":{"rendered":"https:\/\/nau-uniforms.pl\/?post_type=product&#038;p=3515"},"modified":"2026-05-13T12:46:12","modified_gmt":"2026-05-13T10:46:12","slug":"spodnie-medyczne-tibia","status":"publish","type":"product","link":"https:\/\/nau-uniforms.pl\/index.php\/produkt\/spodnie-medyczne-tibia\/","title":{"rendered":"Spodnie medyczne TIBIA"},"content":{"rendered":"<p style=\"font-weight: 400;\">Spodnie Tibia od\u00a0<b><strong>NAU\u00a0<\/strong><\/b>to klasyczny kr\u00f3j z prostymi nogawkami, co nie tylko dodaje im elegancji, ale tak\u017ce umo\u017cliwia swobodne poruszanie si\u0119. Dzi\u0119ki temu modelowi, spodnie doskonale sprawdzaj\u0105 si\u0119 w dynamicznym \u015brodowisku medycznym.<\/p>\n<p style=\"font-weight: 400;\">Jak wszystkie scrubs&#8217;y\u00a0<b><strong>NAU<\/strong><\/b>, Tibia zosta\u0142y uszyte z mi\u0119kkiego, lekko lej\u0105cego si\u0119 i przyjemnego w dotyku materia\u0142u. Tkanina fantastycznie uk\u0142ada si\u0119, wygl\u0105da elegancko a na dodatek jest elastyczna i odprowadza wilgo\u0107. To jeszcze nie wszystko! Scrubsy\u00a0<b><strong>NAU<\/strong><\/b>\u00a0s\u0105 wytrzyma\u0142e i \u0142atwe w utrzymaniu &#8211; je\u015bli nie masz czasu i energii na prasowanie, spr\u00f3buj naszej metody &#8211; po wypraniu rozwie\u015b sw\u00f3j scrubs na wieszaku a rano\u00a0b\u0119dzie ponownie gotowy do dzia\u0142ania.<\/p>\n<p style=\"font-weight: 400;\"><b><strong>NAU<\/strong><\/b>\u00a0s\u0105 jak druga sk\u00f3ra!<\/p>\n<p style=\"font-weight: 400;\">Materia\u0142: 73% poliester, 23% wiskoza, 4% elastan<\/p>\n<p style=\"font-weight: 400;\">TABELA ROZMIAR\u00d3W SPODNI<\/p>\n<p style=\"font-weight: 400;\">Wymiary podane w centymetrach\u00a0<b><strong>mierzone na p\u0142asko<\/strong><\/b><\/p>\n<table style=\"font-weight: 400; height: 447px;\" width=\"657\">\n<tbody>\n<tr>\n<td width=\"101\"><\/td>\n<td width=\"101\"><b><strong>pas<\/strong><\/b><\/td>\n<td width=\"101\"><b><strong>pas po rozci\u0105gni\u0119ciu<\/strong><\/b><\/td>\n<td width=\"101\"><b><strong>biodra<\/strong><\/b><\/td>\n<td width=\"101\"><b><strong>d\u0142ugo\u015b\u0107 ca\u0142kowita<\/strong><\/b><\/td>\n<td width=\"101\"><b><strong>d\u0142ugo\u015b\u0107 wewn\u0119trzna nogawki<\/strong><\/b><\/td>\n<\/tr>\n<tr>\n<td width=\"101\"><b><strong>XS<\/strong><\/b><\/td>\n<td width=\"101\">34<\/td>\n<td width=\"101\">38<\/td>\n<td width=\"101\">49<\/td>\n<td width=\"101\">102<\/td>\n<td width=\"101\">73<\/td>\n<\/tr>\n<tr>\n<td width=\"101\"><b><strong>S<\/strong><\/b><\/td>\n<td width=\"101\">36<\/td>\n<td width=\"101\">40<\/td>\n<td width=\"101\">51<\/td>\n<td width=\"101\">103<\/td>\n<td width=\"101\">74<\/td>\n<\/tr>\n<tr>\n<td width=\"101\"><b><strong>M<\/strong><\/b><\/td>\n<td width=\"101\">38<\/td>\n<td width=\"101\">42<\/td>\n<td width=\"101\">53<\/td>\n<td width=\"101\">104<\/td>\n<td width=\"101\">75<\/td>\n<\/tr>\n<tr>\n<td width=\"101\"><b><strong>L<\/strong><\/b><\/td>\n<td width=\"101\">40<\/td>\n<td width=\"101\">44<\/td>\n<td width=\"101\">55<\/td>\n<td width=\"101\">105<\/td>\n<td width=\"101\">76<\/td>\n<\/tr>\n<tr>\n<td width=\"101\"><b><strong>XL<\/strong><\/b><\/td>\n<td width=\"101\">42<\/td>\n<td width=\"101\">46<\/td>\n<td width=\"101\">57<\/td>\n<td width=\"101\">106<\/td>\n<td width=\"101\">77<\/td>\n<\/tr>\n<tr>\n<td width=\"101\"><b><strong>XXL<\/strong><\/b><\/td>\n<td width=\"101\">44<\/td>\n<td width=\"101\">48<\/td>\n<td width=\"101\">59<\/td>\n<td width=\"101\">107<\/td>\n<td width=\"101\">78<\/td>\n<\/tr>\n<\/tbody>\n<\/table>\n<p style=\"font-weight: 400;\">Pami\u0119taj prosz\u0119, \u017ce rzeczywiste kolory produkt\u00f3w mog\u0105 nieznacznie r\u00f3\u017cni\u0107 si\u0119 od tych przedstawionych na zdj\u0119ciach znajduj\u0105cych si\u0119 na naszej stronie. Cz\u0119sto zale\u017cy to od ustawie\u0144 monitora\/ekranu, poniewa\u017c u ka\u017cdego z nas mog\u0119 si\u0119 one nieco r\u00f3\u017cni\u0107.<\/p>\n","protected":false},"excerpt":{"rendered":"<p>Spodnie medyczne<b>\u00a0<\/b>o klasycznym kroju z prostymi nogawkami. To spodnie zawsze modne, zawsze eleganckie i kobece! Tibia to tak\u017ce gwarancja pomieszczenia wszelkich niezb\u0119dnych drobiazg\u00f3w i narz\u0119dzi,\u00a0\u00a0kt\u00f3re zmie\u015bcisz w czterech pojemnych kieszeniach.Dzi\u0119ki wysokiemu stanowi i elastycznemu materia\u0142owi\u00a0te eleganckie spodnie s\u0105 nie tylko funkcjonalne, ale zapewni\u0105 Ci niezr\u00f3wnany komfort przez ca\u0142\u0105 d\u0142ug\u0105 zmian\u0119 pracy.<\/p>\n<p>SIS TIP: Je\u015bli zastanawiasz si\u0119 pomi\u0119dzy rozmiarami, mo\u017cesz wybra\u0107 mniejszy &#8211; spodnie b\u0119d\u0105 bardziej dopasowane, je\u015bli chcesz, aby spodnie by\u0142y lu\u017aniejsze, wybierz sw\u00f3j rozmiar. Pami\u0119taj, \u017ce spodnie maj\u0105 wysoki stan, nale\u017cy je naci\u0105gn\u0105\u0107 w g\u00f3r\u0119, unikniesz kr\u0119puj\u0105cych sytuacji i nie b\u0119dziesz pokazywa\u0107 &#8222;U\u015bmiechu hydraulika &#8222;:)<\/p>\n","protected":false},"featured_media":0,"comment_status":"open","ping_status":"closed","template":"","meta":[],"product_brand":[],"product_cat":[87],"product_tag":[],"class_list":{"0":"post-3515","1":"product","2":"type-product","3":"status-publish","5":"product_cat-spodnie-medyczne-damskie","6":"pa_kolor-azzurro-2","7":"pa_kolor-caffe-latte-please-2","8":"pa_kolor-gray-whisper-2","9":"pa_kolor-lady-in-pink-2","10":"pa_kolor-lavender-field-2","11":"pa_rozmiar-xs","12":"pa_rozmiar-s","13":"pa_rozmiar-m","14":"pa_rozmiar-l","15":"pa_rozmiar-xl","16":"pa_rozmiar-xxl","18":"first","19":"instock","20":"taxable","21":"shipping-taxable","22":"purchasable","23":"product-type-variable","24":"rtwpvg-product"},"jetpack_sharing_enabled":true,"_links":{"self":[{"href":"https:\/\/nau-uniforms.pl\/index.php\/wp-json\/wp\/v2\/product\/3515","targetHints":{"allow":["GET"]}}],"collection":[{"href":"https:\/\/nau-uniforms.pl\/index.php\/wp-json\/wp\/v2\/product"}],"about":[{"href":"https:\/\/nau-uniforms.pl\/index.php\/wp-json\/wp\/v2\/types\/product"}],"replies":[{"embeddable":true,"href":"https:\/\/nau-uniforms.pl\/index.php\/wp-json\/wp\/v2\/comments?post=3515"}],"wp:attachment":[{"href":"https:\/\/nau-uniforms.pl\/index.php\/wp-json\/wp\/v2\/media?parent=3515"}],"wp:term":[{"taxonomy":"product_brand","embeddable":true,"href":"https:\/\/nau-uniforms.pl\/index.php\/wp-json\/wp\/v2\/product_brand?post=3515"},{"taxonomy":"product_cat","embeddable":true,"href":"https:\/\/nau-uniforms.pl\/index.php\/wp-json\/wp\/v2\/product_cat?post=3515"},{"taxonomy":"product_tag","embeddable":true,"href":"https:\/\/nau-uniforms.pl\/index.php\/wp-json\/wp\/v2\/product_tag?post=3515"}],"curies":[{"name":"wp","href":"https:\/\/api.w.org\/{rel}","templated":true}]}}