{"id":3416,"date":"2025-10-17T11:11:57","date_gmt":"2025-10-17T09:11:57","guid":{"rendered":"https:\/\/nau-uniforms.pl\/?post_type=product&#038;p=3416"},"modified":"2026-05-13T12:46:12","modified_gmt":"2026-05-13T10:46:12","slug":"bluza-medyczna-costa","status":"publish","type":"product","link":"https:\/\/nau-uniforms.pl\/index.php\/produkt\/bluza-medyczna-costa\/","title":{"rendered":"Bluza medyczna Costa"},"content":{"rendered":"<p style=\"font-weight: 400;\"><b><strong>Bluza Costa<\/strong><\/b>\u00a0to bardzo kobiecy model. B\u0119dziesz w niej wygl\u0105da\u0142a ob\u0142\u0119dnie! Projektuj\u0105c t\u0119 bluz\u0119 pomy\u015bleli\u015bmy nie tylko o Twoim nienagannym i profesjonalnym look\u2019u, ale tak\u017ce o swobodzie ruchu. Lu\u017any kr\u00f3j oraz rozci\u0119cia po bokach sprawi\u0105, \u017ce pokochasz komfort, kt\u00f3ry zapewnia bluza Costa<b><strong>.\u00a0<\/strong><\/b>Model ten posiada ko\u0142nierzyk-st\u00f3jk\u0119 oraz praktyczny dekolt zapinany na dopasowane kolorystycznie guziczki.\u00a0Bluza Costa posiada wiele u\u017cytecznych kieszeni: jedn\u0105 kiesze\u0144 na piersi, dwie kieszenie po bokach oraz dwie ukryte kieszonki na potrzebne drobiazgi.<\/p>\n<p style=\"font-weight: 400;\">Otuli Ci\u0119 wysokiej jako\u015bci mi\u0119kki i lej\u0105cy materia\u0142. Szybko zapomnisz o szorstkich i wygniecionych fartuchach poniewa\u017c Vita, jak wszystkie scrubs&#8217;y\u00a0<b><strong>NAU<\/strong><\/b>, zosta\u0142a uszyta z przyjemnego w dotyku materia\u0142u. Tkanina fantastycznie uk\u0142ada si\u0119, wygl\u0105da elegancko a na dodatek jest elastyczna i odprowadza wilgo\u0107. To jeszcze nie wszystko! Scrubsy\u00a0<b><strong>NAU\u00a0<\/strong><\/b>s\u0105 wytrzyma\u0142e i\u00a0\u0142atwe w utrzymaniu &#8211; je\u015bli nie masz czasu i energii na prasowanie, spr\u00f3buj naszej metody &#8211; po wypraniu rozwie\u015b sw\u00f3j scrubs na wieszaku a rano\u00a0b\u0119dzie ponownie gotowy do dzia\u0142ania.<\/p>\n<p style=\"font-weight: 400;\"><b><strong>NAU<\/strong><\/b>\u00a0s\u0105 jak druga sk\u00f3ra!<\/p>\n<p style=\"font-weight: 400;\">Materia\u0142: 73% poliester, 23% wiskoza, 4% elastan<\/p>\n<p style=\"font-weight: 400;\">TABELA ROZMIAR\u00d3W BLUZY<\/p>\n<p style=\"font-weight: 400;\">wymiary podane w centymetrach\u00a0<b><strong>mierzone na p\u0142asko\u00a0<\/strong><\/b><\/p>\n<table style=\"font-weight: 400; height: 411px;\" width=\"646\">\n<tbody>\n<tr>\n<td width=\"101\"><\/td>\n<td width=\"101\"><b><strong>biust<\/strong><\/b><\/td>\n<td width=\"101\"><b><strong>biodra<\/strong><\/b><\/td>\n<td width=\"101\"><b><strong>d\u0142ugo\u015b\u0107 przodu<\/strong><\/b><\/td>\n<td width=\"101\"><b><strong>d\u0142ugo\u015b\u0107 ty\u0142u<\/strong><\/b><\/td>\n<td width=\"101\"><b><strong>szeroko\u015b\u0107 r\u0119kawa<\/strong><\/b><\/td>\n<\/tr>\n<tr>\n<td width=\"101\"><b><strong>XS<\/strong><\/b><\/td>\n<td width=\"101\">49<\/td>\n<td width=\"101\">51<\/td>\n<td width=\"101\">62<\/td>\n<td width=\"101\">68<\/td>\n<td width=\"101\">17<\/td>\n<\/tr>\n<tr>\n<td width=\"101\"><b><strong>S<\/strong><\/b><\/td>\n<td width=\"101\">51<\/td>\n<td width=\"101\">53<\/td>\n<td width=\"101\">64<\/td>\n<td width=\"101\">70<\/td>\n<td width=\"101\">18<\/td>\n<\/tr>\n<tr>\n<td width=\"101\"><b><strong>M<\/strong><\/b><\/td>\n<td width=\"101\">53<\/td>\n<td width=\"101\">55<\/td>\n<td width=\"101\">65<\/td>\n<td width=\"101\">71<\/td>\n<td width=\"101\">18<\/td>\n<\/tr>\n<tr>\n<td width=\"101\"><b><strong>L<\/strong><\/b><\/td>\n<td width=\"101\">55<\/td>\n<td width=\"101\">57<\/td>\n<td width=\"101\">66<\/td>\n<td width=\"101\">72<\/td>\n<td width=\"101\">18<\/td>\n<\/tr>\n<tr>\n<td width=\"101\"><b><strong>XL<\/strong><\/b><\/td>\n<td width=\"101\">57<\/td>\n<td width=\"101\">59<\/td>\n<td width=\"101\">68<\/td>\n<td width=\"101\">73<\/td>\n<td width=\"101\">19<\/td>\n<\/tr>\n<tr>\n<td width=\"101\"><b><strong>XXL<\/strong><\/b><\/td>\n<td width=\"101\">59<\/td>\n<td width=\"101\">61<\/td>\n<td width=\"101\">70<\/td>\n<td width=\"101\">74<\/td>\n<td width=\"101\">19<\/td>\n<\/tr>\n<\/tbody>\n<\/table>\n<p style=\"font-weight: 400;\">Pami\u0119taj prosz\u0119, \u017ce rzeczywiste kolory produkt\u00f3w mog\u0105 nieznacznie r\u00f3\u017cni\u0107 si\u0119 od tych przedstawionych na zdj\u0119ciach znajduj\u0105cych si\u0119 na naszej stronie. Cz\u0119sto zale\u017cy to od ustawie\u0144 monitora\/ekranu, poniewa\u017c u ka\u017cdego z nas mog\u0119 si\u0119 one nieco r\u00f3\u017cni\u0107.<\/p>\n","protected":false},"excerpt":{"rendered":"<p>Damska bluza medyczna o bardzo kobiecym i jednocze\u015bnie wygodnym kroju. Projektuj\u0105c ten model pomy\u015bleli\u015bmy nie tylko o jego \u015bwietnym wygl\u0105dzie, ale te\u017c o Twoim komforcie pracy. Model ten posiada rozci\u0119cia po bokach oraz kontrafa\u0142d\u0119 z ty\u0142u, dzi\u0119ki kt\u00f3rym bluza b\u0119dzie pasowa\u0142a na ka\u017cd\u0105 figur\u0119 i nie ograniczy ruch\u00f3w. Dekolt bluzy zapinany jest na guziczki u\u0142atwiaj\u0105ce jej komfortowe zak\u0142adanie. Poczuj si\u0119 pi\u0119kn\u0105 i kobiec\u0105 tak\u017ce w miejscu pracy!<\/p>\n","protected":false},"featured_media":0,"comment_status":"open","ping_status":"closed","template":"","meta":[],"product_brand":[],"product_cat":[86],"product_tag":[],"class_list":{"0":"post-3416","1":"product","2":"type-product","3":"status-publish","5":"product_cat-bluzy-medyczne-damskie","6":"pa_kolor-azzurro-2","7":"pa_kolor-caffe-latte-please-2","8":"pa_kolor-gray-whisper-2","9":"pa_kolor-lady-in-pink-2","10":"pa_kolor-lavender-field-2","11":"pa_rozmiar-xs","12":"pa_rozmiar-s","13":"pa_rozmiar-m","14":"pa_rozmiar-l","15":"pa_rozmiar-xl","16":"pa_rozmiar-xxl","18":"first","19":"instock","20":"taxable","21":"shipping-taxable","22":"purchasable","23":"product-type-variable","24":"rtwpvg-product"},"jetpack_sharing_enabled":true,"_links":{"self":[{"href":"https:\/\/nau-uniforms.pl\/index.php\/wp-json\/wp\/v2\/product\/3416","targetHints":{"allow":["GET"]}}],"collection":[{"href":"https:\/\/nau-uniforms.pl\/index.php\/wp-json\/wp\/v2\/product"}],"about":[{"href":"https:\/\/nau-uniforms.pl\/index.php\/wp-json\/wp\/v2\/types\/product"}],"replies":[{"embeddable":true,"href":"https:\/\/nau-uniforms.pl\/index.php\/wp-json\/wp\/v2\/comments?post=3416"}],"wp:attachment":[{"href":"https:\/\/nau-uniforms.pl\/index.php\/wp-json\/wp\/v2\/media?parent=3416"}],"wp:term":[{"taxonomy":"product_brand","embeddable":true,"href":"https:\/\/nau-uniforms.pl\/index.php\/wp-json\/wp\/v2\/product_brand?post=3416"},{"taxonomy":"product_cat","embeddable":true,"href":"https:\/\/nau-uniforms.pl\/index.php\/wp-json\/wp\/v2\/product_cat?post=3416"},{"taxonomy":"product_tag","embeddable":true,"href":"https:\/\/nau-uniforms.pl\/index.php\/wp-json\/wp\/v2\/product_tag?post=3416"}],"curies":[{"name":"wp","href":"https:\/\/api.w.org\/{rel}","templated":true}]}}