{"id":3363,"date":"2025-10-16T14:44:22","date_gmt":"2025-10-16T12:44:22","guid":{"rendered":"https:\/\/nau-uniforms.pl\/?post_type=product&#038;p=3363"},"modified":"2026-05-13T12:46:12","modified_gmt":"2026-05-13T10:46:12","slug":"bluza-medyczna-vita","status":"publish","type":"product","link":"https:\/\/nau-uniforms.pl\/index.php\/produkt\/bluza-medyczna-vita\/","title":{"rendered":"Bluza medyczna Vita"},"content":{"rendered":"<p style=\"font-weight: 400;\">Bluza medyczna Vita\u00a0to zdecydowanie model z pazurem \u2013 jest niebanalna i nowoczesna. Lu\u017any, wygodny kr\u00f3j zapewni wygod\u0119 i komfort w ka\u017cdej sytuacji. Gumka wszyta w pasie wedle potrzeby doskonale podkre\u015bli Twoj\u0105 tali\u0119\u2026 lub dyskretnie j\u0105 ukryje. Ten fantastyczny model bluzy medycznej posiada mn\u00f3stwo przydatnych i praktycznych kieszeni \u2013 dwie pojemne kieszenie z przodu oraz dwie ukryte, w kt\u00f3rych bezpiecznie schowasz cenne rzeczy. Szeroka gama modnych kolor\u00f3w pozwala na skompletowanie unikalnych uniform\u00f3w medycznych.<\/p>\n<p style=\"font-weight: 400;\">Wybierz bluz\u0119 Vita, je\u015bli chcesz czu\u0107 si\u0119 oryginalnie, jednocze\u015bnie wygl\u0105daj\u0105c profesjonalnie i kobieco. W tej bluzie z pewno\u015bci\u0105 wyr\u00f3\u017cnisz si\u0119 w klinice, salonie lub przemierzaj\u0105c szpitalne korytarze.<\/p>\n<p style=\"font-weight: 400;\">Jak wszystkie scrubs&#8217;y\u00a0<b><strong>NAU<\/strong><\/b>, Vita zosta\u0142a uszyta z mi\u0119kkiego, lekko lej\u0105cego si\u0119, przyjemnego w dotyku materia\u0142u. Tkanina fantastycznie uk\u0142ada si\u0119, wyglada elegancko a na dodatek jest elastyczna i odprowadza wilgo\u0107. To jeszcze nie wszystko! Scrubsy NAU s\u0105 wytrzyma\u0142e i \u0142atwe w utrzymaniu &#8211; je\u015bli nie masz czasu i energii na prasowanie, spr\u00f3buj naszej metody &#8211; \u00a0po wypraniu rozwie\u015b sw\u00f3j scrubs na wieszaku a rano\u00a0b\u0119dzie ponownie gotowy do dzia\u0142ania.<\/p>\n<p style=\"font-weight: 400;\"><b><strong>NAU\u00a0<\/strong><\/b>s\u0105 jak druga sk\u00f3ra!<\/p>\n<p>&nbsp;<\/p>\n<p style=\"font-weight: 400;\">Materia\u0142: 73% poliester, 23% wiskoza, 4% elastan<\/p>\n<p style=\"font-weight: 400;\">TABELA ROZMIAR\u00d3W BLUZY<\/p>\n<p style=\"font-weight: 400;\">Wymiary podane w centymetrach\u00a0<b><strong>mierzone na p\u0142asko<\/strong><\/b><\/p>\n<table style=\"font-weight: 400; height: 409px;\" width=\"661\">\n<tbody>\n<tr>\n<td width=\"101\"><\/td>\n<td width=\"101\"><b><strong>biust<\/strong><\/b><\/td>\n<td width=\"101\"><b><strong>biodra\u00a0<\/strong><\/b><\/td>\n<td width=\"101\"><b><strong>biodra po rozci\u0105gni\u0119ciu<\/strong><\/b><\/td>\n<td width=\"101\"><b><strong>d\u0142ugo\u015b\u0107<\/strong><\/b><\/td>\n<td width=\"101\"><b><strong>szeroko\u015b\u0107 r\u0119kawa<\/strong><\/b><\/td>\n<\/tr>\n<tr>\n<td width=\"101\"><b><strong>XS<\/strong><\/b><\/td>\n<td width=\"101\">50<\/td>\n<td width=\"101\">40<\/td>\n<td width=\"101\">46<\/td>\n<td width=\"101\">62<\/td>\n<td width=\"101\">18<\/td>\n<\/tr>\n<tr>\n<td width=\"101\"><b><strong>S<\/strong><\/b><\/td>\n<td width=\"101\">52<\/td>\n<td width=\"101\">42<\/td>\n<td width=\"101\">48<\/td>\n<td width=\"101\">64<\/td>\n<td width=\"101\">19<\/td>\n<\/tr>\n<tr>\n<td width=\"101\"><b><strong>M<\/strong><\/b><\/td>\n<td width=\"101\">54<\/td>\n<td width=\"101\">44<\/td>\n<td width=\"101\">50<\/td>\n<td width=\"101\">64<\/td>\n<td width=\"101\">19<\/td>\n<\/tr>\n<tr>\n<td width=\"101\"><b><strong>L<\/strong><\/b><\/td>\n<td width=\"101\">56<\/td>\n<td width=\"101\">46<\/td>\n<td width=\"101\">53<\/td>\n<td width=\"101\">66<\/td>\n<td width=\"101\">20<\/td>\n<\/tr>\n<tr>\n<td width=\"101\"><b><strong>XL<\/strong><\/b><\/td>\n<td width=\"101\">58<\/td>\n<td width=\"101\">48<\/td>\n<td width=\"101\">55<\/td>\n<td width=\"101\">68<\/td>\n<td width=\"101\">20<\/td>\n<\/tr>\n<tr>\n<td width=\"101\"><b><strong>XXL<\/strong><\/b><\/td>\n<td width=\"101\">60<\/td>\n<td width=\"101\">51<\/td>\n<td width=\"101\">57<\/td>\n<td width=\"101\">69<\/td>\n<td width=\"101\">21<\/td>\n<\/tr>\n<\/tbody>\n<\/table>\n<p style=\"font-weight: 400;\">Pami\u0119taj prosz\u0119, \u017ce rzeczywiste kolory produkt\u00f3w mog\u0105 nieznacznie r\u00f3\u017cni\u0107 si\u0119 od tych przedstawionych na zdj\u0119ciach znajduj\u0105cych si\u0119 na naszej stronie. Cz\u0119sto zale\u017cy to od ustawie\u0144 monitora\/ekranu, poniewa\u017c u ka\u017cdego z nas mog\u0119 si\u0119 one nieco r\u00f3\u017cni\u0107.<\/p>\n","protected":false},"excerpt":{"rendered":"<div class=\"row product-info-row\">\n<div class=\"col-md-6 col-product-info\">\n<div id=\"col-product-info\">\n<div class=\"product-information\">\n<div class=\"product-actions js-product-actions\">\n<div id=\"product-description-short\" class=\"rte-content product-description\">\n<p>Damska bluza medyczna o nowoczesnym i komfortowym oversizowym kroju. Model ten posiada gumk\u0119 w pasie, kt\u00f3r\u0105 mo\u017cesz \u015bci\u0105gn\u0105\u0107 na biodra uzyskuj\u0105c w ten spos\u00f3b inny efekt. Bluza Vita posiada a\u017c cztery praktyczne kieszenie, w kt\u00f3rych pomie\u015bcisz niezb\u0119dne przedmioty.<\/p>\n<p>SIS TIP: Je\u015bli zastanawiasz si\u0119 pomi\u0119dzy rozmiarami, mo\u017cesz wybra\u0107 mniejszy &#8211; bluza b\u0119dzie bardziej dopasowana, je\u015bli chcesz zachowa\u0107 w pe\u0142ni oversizowy charakter, wybierz sw\u00f3j rozmiar.<\/p>\n<\/div>\n<\/div>\n<\/div>\n<\/div>\n<\/div>\n<\/div>\n","protected":false},"featured_media":0,"comment_status":"open","ping_status":"closed","template":"","meta":[],"product_brand":[],"product_cat":[86],"product_tag":[],"class_list":{"0":"post-3363","1":"product","2":"type-product","3":"status-publish","5":"product_cat-bluzy-medyczne-damskie","6":"pa_kolor-azzurro-2","7":"pa_kolor-blueberry-midnight","8":"pa_kolor-caffe-latte-please-2","9":"pa_kolor-feeling-coralicious-2","10":"pa_kolor-frosted-latte-love-2","11":"pa_kolor-gray-whisper-2","12":"pa_kolor-lady-in-pink-2","13":"pa_kolor-lavender-field-2","14":"pa_kolor-leaf-it-to-me-2","15":"pa_kolor-pardon-my-dijon-2","16":"pa_kolor-rose-all-night-2","17":"pa_kolor-sooo-royal-2","18":"pa_rozmiar-xs","19":"pa_rozmiar-s","20":"pa_rozmiar-m","21":"pa_rozmiar-l","22":"pa_rozmiar-xl","23":"pa_rozmiar-xxl","25":"first","26":"instock","27":"taxable","28":"shipping-taxable","29":"purchasable","30":"product-type-variable","31":"rtwpvg-product"},"jetpack_sharing_enabled":true,"_links":{"self":[{"href":"https:\/\/nau-uniforms.pl\/index.php\/wp-json\/wp\/v2\/product\/3363","targetHints":{"allow":["GET"]}}],"collection":[{"href":"https:\/\/nau-uniforms.pl\/index.php\/wp-json\/wp\/v2\/product"}],"about":[{"href":"https:\/\/nau-uniforms.pl\/index.php\/wp-json\/wp\/v2\/types\/product"}],"replies":[{"embeddable":true,"href":"https:\/\/nau-uniforms.pl\/index.php\/wp-json\/wp\/v2\/comments?post=3363"}],"wp:attachment":[{"href":"https:\/\/nau-uniforms.pl\/index.php\/wp-json\/wp\/v2\/media?parent=3363"}],"wp:term":[{"taxonomy":"product_brand","embeddable":true,"href":"https:\/\/nau-uniforms.pl\/index.php\/wp-json\/wp\/v2\/product_brand?post=3363"},{"taxonomy":"product_cat","embeddable":true,"href":"https:\/\/nau-uniforms.pl\/index.php\/wp-json\/wp\/v2\/product_cat?post=3363"},{"taxonomy":"product_tag","embeddable":true,"href":"https:\/\/nau-uniforms.pl\/index.php\/wp-json\/wp\/v2\/product_tag?post=3363"}],"curies":[{"name":"wp","href":"https:\/\/api.w.org\/{rel}","templated":true}]}}