{"id":46,"date":"2025-08-05T10:06:25","date_gmt":"2025-08-05T08:06:25","guid":{"rendered":"https:\/\/nau-uniforms.pl\/?page_id=46"},"modified":"2025-08-12T11:07:54","modified_gmt":"2025-08-12T09:07:54","slug":"regulamin-polec-nau","status":"publish","type":"page","link":"https:\/\/nau-uniforms.pl\/index.php\/regulamin-polec-nau\/","title":{"rendered":"Regulamin Pole\u0107 NAU"},"content":{"rendered":"\t\t<div data-elementor-type=\"wp-page\" data-elementor-id=\"46\" class=\"elementor elementor-46\" data-elementor-post-type=\"page\">\n\t\t\t\t<div class=\"elementor-element elementor-element-ae04eca e-grid e-con-full e-con e-parent\" data-id=\"ae04eca\" data-element_type=\"container\">\n\t\t\t\t<div class=\"elementor-element elementor-element-4d12b19 elementor-widget elementor-widget-spacer\" data-id=\"4d12b19\" data-element_type=\"widget\" data-widget_type=\"spacer.default\">\n\t\t\t\t\t\t\t<div class=\"elementor-spacer\">\n\t\t\t<div class=\"elementor-spacer-inner\"><\/div>\n\t\t<\/div>\n\t\t\t\t\t\t<\/div>\n\t\t\t\t<\/div>\n\t\t<div class=\"elementor-element elementor-element-2db53b9 e-grid e-con-full e-con e-parent\" data-id=\"2db53b9\" data-element_type=\"container\">\n\t\t\t\t<div class=\"elementor-element elementor-element-70f869e elementor-widget elementor-widget-heading\" data-id=\"70f869e\" data-element_type=\"widget\" data-widget_type=\"heading.default\">\n\t\t\t\t\t<h2 class=\"elementor-heading-title elementor-size-default\">Regulamin Pole\u0107 NAU<\/h2>\t\t\t\t<\/div>\n\t\t\t\t<\/div>\n\t\t<div class=\"elementor-element elementor-element-ea9c1c2 e-grid e-con-full e-con e-parent\" data-id=\"ea9c1c2\" data-element_type=\"container\">\n\t\t<div class=\"elementor-element elementor-element-f5d38b2 e-con-full e-flex e-con e-child\" data-id=\"f5d38b2\" data-element_type=\"container\">\n\t\t\t\t<div class=\"elementor-element elementor-element-0f7aa22 elementor-widget elementor-widget-n-accordion\" data-id=\"0f7aa22\" data-element_type=\"widget\" data-settings=\"{&quot;default_state&quot;:&quot;all_collapsed&quot;,&quot;max_items_expended&quot;:&quot;one&quot;,&quot;n_accordion_animation_duration&quot;:{&quot;unit&quot;:&quot;ms&quot;,&quot;size&quot;:400,&quot;sizes&quot;:[]}}\" data-widget_type=\"nested-accordion.default\">\n\t\t\t\t\t\t\t<div class=\"e-n-accordion\" aria-label=\"Accordion. Open links with Enter or Space, close with Escape, and navigate with Arrow Keys\">\n\t\t\t\t\t\t<details id=\"e-n-accordion-item-1620\" class=\"e-n-accordion-item\" >\n\t\t\t\t<summary class=\"e-n-accordion-item-title\" data-accordion-index=\"1\" tabindex=\"0\" aria-expanded=\"false\" aria-controls=\"e-n-accordion-item-1620\" >\n\t\t\t\t\t<span class='e-n-accordion-item-title-header'><div class=\"e-n-accordion-item-title-text\"> Spis tre\u015bci <\/div><\/span>\n\t\t\t\t\t\t\t<span class='e-n-accordion-item-title-icon'>\n\t\t\t<span class='e-opened' ><svg aria-hidden=\"true\" class=\"e-font-icon-svg e-fas-chevron-up\" viewBox=\"0 0 448 512\" xmlns=\"http:\/\/www.w3.org\/2000\/svg\"><path d=\"M240.971 130.524l194.343 194.343c9.373 9.373 9.373 24.569 0 33.941l-22.667 22.667c-9.357 9.357-24.522 9.375-33.901.04L224 227.495 69.255 381.516c-9.379 9.335-24.544 9.317-33.901-.04l-22.667-22.667c-9.373-9.373-9.373-24.569 0-33.941L207.03 130.525c9.372-9.373 24.568-9.373 33.941-.001z\"><\/path><\/svg><\/span>\n\t\t\t<span class='e-closed'><svg aria-hidden=\"true\" class=\"e-font-icon-svg e-fas-chevron-down\" viewBox=\"0 0 448 512\" xmlns=\"http:\/\/www.w3.org\/2000\/svg\"><path d=\"M207.029 381.476L12.686 187.132c-9.373-9.373-9.373-24.569 0-33.941l22.667-22.667c9.357-9.357 24.522-9.375 33.901-.04L224 284.505l154.745-154.021c9.379-9.335 24.544-9.317 33.901.04l22.667 22.667c9.373 9.373 9.373 24.569 0 33.941L240.971 381.476c-9.373 9.372-24.569 9.372-33.942 0z\"><\/path><\/svg><\/span>\n\t\t<\/span>\n\n\t\t\t\t\t\t<\/summary>\n\t\t\t\t<div role=\"region\" aria-labelledby=\"e-n-accordion-item-1620\" class=\"elementor-element elementor-element-7624a31 e-con-full e-flex e-con e-child\" data-id=\"7624a31\" data-element_type=\"container\">\n\t\t<div role=\"region\" aria-labelledby=\"e-n-accordion-item-1620\" class=\"elementor-element elementor-element-0fc006e e-con-full e-flex e-con e-child\" data-id=\"0fc006e\" data-element_type=\"container\">\n\t\t\t\t<div class=\"elementor-element elementor-element-3384149 elementor-widget elementor-widget-heading\" data-id=\"3384149\" data-element_type=\"widget\" data-widget_type=\"heading.default\">\n\t\t\t\t\t<h2 class=\"elementor-heading-title elementor-size-default\"><a href=\"#1\">\u00a71  POSTANOWIENIA OG\u00d3LNE<\/a><\/h2>\t\t\t\t<\/div>\n\t\t\t\t<div class=\"elementor-element elementor-element-c60d6df elementor-widget elementor-widget-heading\" data-id=\"c60d6df\" data-element_type=\"widget\" data-widget_type=\"heading.default\">\n\t\t\t\t\t<h2 class=\"elementor-heading-title elementor-size-default\"><a href=\"#2\">\u00a72 ZASADY UDZIA\u0141U W PROMOCJI<\/a><\/h2>\t\t\t\t<\/div>\n\t\t\t\t<div class=\"elementor-element elementor-element-5328e74 elementor-widget elementor-widget-heading\" data-id=\"5328e74\" data-element_type=\"widget\" data-widget_type=\"heading.default\">\n\t\t\t\t\t<h2 class=\"elementor-heading-title elementor-size-default\"><a href=\"#3\">\u00a73 ZASADY ZAKO\u0143CZENIA PROMOCJI \u201ePOLE\u0106 NAU\u201d<\/a><\/h2>\t\t\t\t<\/div>\n\t\t\t\t<div class=\"elementor-element elementor-element-def241e elementor-widget elementor-widget-heading\" data-id=\"def241e\" data-element_type=\"widget\" data-widget_type=\"heading.default\">\n\t\t\t\t\t<h2 class=\"elementor-heading-title elementor-size-default\"><a href=\"#4\">\u00a74 REKLAMACJE<\/a><\/h2>\t\t\t\t<\/div>\n\t\t\t\t<\/div>\n\t\t\t\t<\/div>\n\t\t\t\t\t<\/details>\n\t\t\t\t\t<\/div>\n\t\t\t\t\t\t<\/div>\n\t\t\t\t<\/div>\n\t\t\t\t<\/div>\n\t\t<div class=\"elementor-element elementor-element-257daf3 e-grid e-con-full e-con e-parent\" data-id=\"257daf3\" data-element_type=\"container\">\n\t\t\t\t<div class=\"elementor-element elementor-element-4ff927e elementor-widget elementor-widget-spacer\" data-id=\"4ff927e\" data-element_type=\"widget\" data-widget_type=\"spacer.default\">\n\t\t\t\t\t\t\t<div class=\"elementor-spacer\">\n\t\t\t<div class=\"elementor-spacer-inner\"><\/div>\n\t\t<\/div>\n\t\t\t\t\t\t<\/div>\n\t\t\t\t<\/div>\n\t\t<div class=\"elementor-element elementor-element-5ed1325 e-grid e-con-full e-con e-parent\" data-id=\"5ed1325\" data-element_type=\"container\" id=\"1\">\n\t\t\t\t<div class=\"elementor-element elementor-element-4d8b5e5 elementor-widget elementor-widget-heading\" data-id=\"4d8b5e5\" data-element_type=\"widget\" data-widget_type=\"heading.default\">\n\t\t\t\t\t<h2 class=\"elementor-heading-title elementor-size-default\">\u00a71 POSTANOWIENIA OG\u00d3LNE <\/h2>\t\t\t\t<\/div>\n\t\t\t\t<\/div>\n\t\t<div class=\"elementor-element elementor-element-7f8d41a e-grid e-con-full e-con e-parent\" data-id=\"7f8d41a\" data-element_type=\"container\">\n\t\t<div class=\"elementor-element elementor-element-743be7d e-con-full e-flex e-con e-child\" data-id=\"743be7d\" data-element_type=\"container\">\n\t\t\t\t<div class=\"elementor-element elementor-element-599c12a elementor-widget elementor-widget-text-editor\" data-id=\"599c12a\" data-element_type=\"widget\" data-widget_type=\"text-editor.default\">\n\t\t\t\t\t\t\t\t\t<p>1. Niniejszy regulamin okre\u015bla zasady promocji &#8222;POLE\u0106 NAU&#8221; prowadzonej przez firm\u0119 NAU Uniforms w sklepie internetowym www. nau-uniforms.pl<\/p><p>2. Poj\u0119cia u\u017cyte w niniejszym regulaminie maj\u0105 nast\u0119puj\u0105ce znaczenie:\u00a0<\/p><p>a) Organizator &#8211; firma NAU Uniforms Luiza Madrak- Skorupska\u00a0<\/p><p>b) Regulamin \u2013 niniejszy regulamin promocji &#8222;POLE\u0106 NAU&#8221;,\u00a0<\/p><p>c) Promocja \u2013 promocja &#8222;POLE\u0106 NAU&#8221; organizowana na zasadach okre\u015blonych w Regulaminie,\u00a0<\/p><p>d) Klient \u2013 osoba uczestnicz\u0105ca w promocji &#8222;POLE\u0106 NAU&#8221;,\u00a0<\/p><p>e) Polecaj\u0105cy \u2013 Klient NAU Uniforms, kt\u00f3ry poleca udzia\u0142 w promocji &#8222;POLE\u0106 NAU&#8221; zgodnie z niniejszym Regulaminem.\u00a0<\/p><p>f) Znajomy \u2013 osoba, kt\u00f3rej Polecaj\u0105cy poleca udzia\u0142 w promocji &#8222;POLE\u0106 NAU&#8221;,\u00a0<\/p><p>g) Kod rabatowy \u2013 uprawnienie do otrzymania obni\u017cki na nieprzecenione towary oferowane przez NAU Uniforms na zasadach okre\u015blonych w niniejszym Regulaminie.<\/p>\t\t\t\t\t\t\t\t<\/div>\n\t\t\t\t<\/div>\n\t\t\t\t<\/div>\n\t\t<div class=\"elementor-element elementor-element-94ca78d e-grid e-con-full e-con e-parent\" data-id=\"94ca78d\" data-element_type=\"container\">\n\t\t\t\t<div class=\"elementor-element elementor-element-821b8f6 elementor-widget elementor-widget-spacer\" data-id=\"821b8f6\" data-element_type=\"widget\" data-widget_type=\"spacer.default\">\n\t\t\t\t\t\t\t<div class=\"elementor-spacer\">\n\t\t\t<div class=\"elementor-spacer-inner\"><\/div>\n\t\t<\/div>\n\t\t\t\t\t\t<\/div>\n\t\t\t\t<\/div>\n\t\t<div class=\"elementor-element elementor-element-db72c13 e-grid e-con-full e-con e-parent\" data-id=\"db72c13\" data-element_type=\"container\" id=\"2\">\n\t\t\t\t<div class=\"elementor-element elementor-element-c0ad2fb elementor-widget elementor-widget-heading\" data-id=\"c0ad2fb\" data-element_type=\"widget\" data-widget_type=\"heading.default\">\n\t\t\t\t\t<h2 class=\"elementor-heading-title elementor-size-default\">\u00a72 ZASADY UDZIA\u0141U W PROMOCJI<\/h2>\t\t\t\t<\/div>\n\t\t\t\t<\/div>\n\t\t<div class=\"elementor-element elementor-element-f0689a3 e-grid e-con-full e-con e-parent\" data-id=\"f0689a3\" data-element_type=\"container\">\n\t\t<div class=\"elementor-element elementor-element-92017c9 e-con-full e-flex e-con e-child\" data-id=\"92017c9\" data-element_type=\"container\">\n\t\t\t\t<div class=\"elementor-element elementor-element-6ca2de1 elementor-widget elementor-widget-text-editor\" data-id=\"6ca2de1\" data-element_type=\"widget\" data-widget_type=\"text-editor.default\">\n\t\t\t\t\t\t\t\t\t<ol><li style=\"font-weight: 400;\">Uczestnikiem Promocji &#8222;POLE\u0106 NAU&#8221; mo\u017ce by\u0107 ka\u017cdy zarejestrowany Klient NAU Uniforms, kt\u00f3ry zapozna\u0142 si\u0119 z niniejszym Regulaminem.\u00a0<\/li><li style=\"font-weight: 400;\">Polecaj\u0105cy zobowi\u0105zany jest zapozna\u0107 si\u0119 z Regulaminem przed przyst\u0105pieniem do udzia\u0142u w Promocji &#8222;POLE\u0106 NAU&#8221;.\u00a0<\/li><li style=\"font-weight: 400;\">W ramach Promocji Organizator zapewnia, \u017ce po zarejestrowaniu si\u0119 przez Klienta do newslettera NAU Uniforms, Klientowi zostanie przes\u0142any kod promocyjny, uprawniaj\u0105cy do obni\u017cki cen towar\u00f3w zakupionych w NAU Uniforms w wysoko\u015bci 10% warto\u015bci zam\u00f3wienia na towary nieprzecenione, kt\u00f3ry po skopiowaniu mo\u017ce zosta\u0107 przes\u0142any przez Klienta Znajomemu.\u00a0<\/li><li style=\"font-weight: 400;\">Je\u017celi Znajomy Polecaj\u0105cego zarejestruje swoje konto w NAU Uniforms oraz dokona zakupu z u\u017cyciem wys\u0142anego kodu promocyjnego i nie dokonana jego zwrotu,\u00a0\u00a0w\u00f3wczas Polecaj\u0105cy tak\u017ce otrzyma od Organizatora jednorazowy Kod rabatowy uprawniaj\u0105cy do obni\u017cki cen towar\u00f3w zakupionych w NAU Uniforms w wysoko\u015bci 15% warto\u015bci zam\u00f3wienia na towary nieprzecenione.\u00a0<\/li><li style=\"font-weight: 400;\">Polecaj\u0105cy mo\u017ce wielokrotnie przesy\u0142a\u0107 swoim Znajomym udost\u0119pniony przez Organizatora kod\u00a0<\/li><li style=\"font-weight: 400;\">Rabat obj\u0119ty Kodem rabatowym nie \u0142\u0105czy si\u0119 z innymi rabatami i promocjami w NAU Uniforms.\u00a0<\/li><li style=\"font-weight: 400;\">Skorzystanie z Kodu rabatowego mo\u017cliwe jest w terminie 30 dni od dnia otrzymania Kodu rabatowego.<\/li><\/ol>\t\t\t\t\t\t\t\t<\/div>\n\t\t\t\t<\/div>\n\t\t\t\t<\/div>\n\t\t<div class=\"elementor-element elementor-element-1f057e9 e-grid e-con-full e-con e-parent\" data-id=\"1f057e9\" data-element_type=\"container\">\n\t\t\t\t<div class=\"elementor-element elementor-element-ee13e39 elementor-widget elementor-widget-spacer\" data-id=\"ee13e39\" data-element_type=\"widget\" data-widget_type=\"spacer.default\">\n\t\t\t\t\t\t\t<div class=\"elementor-spacer\">\n\t\t\t<div class=\"elementor-spacer-inner\"><\/div>\n\t\t<\/div>\n\t\t\t\t\t\t<\/div>\n\t\t\t\t<\/div>\n\t\t<div class=\"elementor-element elementor-element-31e03aa e-grid e-con-full e-con e-parent\" data-id=\"31e03aa\" data-element_type=\"container\" id=\"3\">\n\t\t\t\t<div class=\"elementor-element elementor-element-aec6da2 elementor-widget elementor-widget-heading\" data-id=\"aec6da2\" data-element_type=\"widget\" data-widget_type=\"heading.default\">\n\t\t\t\t\t<h2 class=\"elementor-heading-title elementor-size-default\">\u00a73 ZASADY ZAKO\u0143CZENIA PROMOCJI \u201ePOLE\u0106 NAU\u201d<\/h2>\t\t\t\t<\/div>\n\t\t\t\t<\/div>\n\t\t<div class=\"elementor-element elementor-element-7905a2d e-grid e-con-full e-con e-parent\" data-id=\"7905a2d\" data-element_type=\"container\">\n\t\t<div class=\"elementor-element elementor-element-5658b32 e-con-full e-flex e-con e-child\" data-id=\"5658b32\" data-element_type=\"container\">\n\t\t\t\t<div class=\"elementor-element elementor-element-17c9c07 elementor-widget elementor-widget-text-editor\" data-id=\"17c9c07\" data-element_type=\"widget\" data-widget_type=\"text-editor.default\">\n\t\t\t\t\t\t\t\t\t<p>1.Organizator mo\u017ce podj\u0105\u0107 decyzj\u0119 o zako\u0144czeniu Promocji &#8222;POLE\u0106 NAU&#8221; w ka\u017cdym momencie jej trwania. Kody rabatowe otrzymane podczas trwania Promocji mog\u0105 zosta\u0107 wykorzystane\u00a0\u00a0do czasu up\u0142ywu terminu ich wa\u017cno\u015bci.<\/p><p>2.Organizator jest zobowi\u0105zany do poinformowania\u00a0\u00a0Klient\u00f3w o zako\u0144czeniu Promocji \u201ePOLE\u0106 NAU\u201d na stronie NAU Uniforms, w wiadomo\u015bci sms, e-mail lub innej wybranej przez Organizatora formie.\u00a0<\/p><p>3.Klientom nie przys\u0142uguj\u0105 wobec Organizatora \u017cadne roszczenia w zwi\u0105zku z zako\u0144czeniem Promocji.\u00a0\u00a0<\/p><p style=\"font-weight: 400;\">4.W przypadku jakichkolwiek nadu\u017cy\u0107 lub narusze\u0144 ze strony Klienta a zwi\u0105zanych z udzia\u0142em w Promocji, Klient ten traci wszelkie uprawnienia zwi\u0105zane z przedmiotow\u0105 Promocj\u0105.\u00a0<\/p><p>5.Organizator uprawniony jest do zmiany Regulaminu z nast\u0119puj\u0105cych wa\u017cnych przyczyn:\u00a0<\/p><p>a) zmian przepis\u00f3w prawa, uwzgl\u0119dnienia wydanych orzecze\u0144 s\u0105dowych lub decyzji administracyjnych,\u00a0<\/p><p>b) zamiaru wprowadzenia korzystniejszych warunk\u00f3w Promocji.,<\/p><p>c) zapobiegania nadu\u017cyciom i zapewnienia bezpiecze\u0144stwa funkcjonowania Promocji.<\/p><p>6.Zmiana Regulaminu nast\u0105pi po uprzednim poinformowaniu na stronie NAU Uniforms lub w drodze korespondencji e-mail, co najmniej na 7 dni przed planowan\u0105 dat\u0105 wej\u015bcia w \u017cycie zmian Regulaminu.<\/p>\t\t\t\t\t\t\t\t<\/div>\n\t\t\t\t<\/div>\n\t\t\t\t<\/div>\n\t\t<div class=\"elementor-element elementor-element-4232a61 e-grid e-con-full e-con e-parent\" data-id=\"4232a61\" data-element_type=\"container\">\n\t\t\t\t<div class=\"elementor-element elementor-element-9d3b630 elementor-widget elementor-widget-spacer\" data-id=\"9d3b630\" data-element_type=\"widget\" data-widget_type=\"spacer.default\">\n\t\t\t\t\t\t\t<div class=\"elementor-spacer\">\n\t\t\t<div class=\"elementor-spacer-inner\"><\/div>\n\t\t<\/div>\n\t\t\t\t\t\t<\/div>\n\t\t\t\t<\/div>\n\t\t<div class=\"elementor-element elementor-element-f127b24 e-grid e-con-full e-con e-parent\" data-id=\"f127b24\" data-element_type=\"container\" id=\"4\">\n\t\t\t\t<div class=\"elementor-element elementor-element-ec4d837 elementor-widget elementor-widget-heading\" data-id=\"ec4d837\" data-element_type=\"widget\" data-widget_type=\"heading.default\">\n\t\t\t\t\t<h2 class=\"elementor-heading-title elementor-size-default\">\u00a74 REKLAMACJE<\/h2>\t\t\t\t<\/div>\n\t\t\t\t<\/div>\n\t\t<div class=\"elementor-element elementor-element-f27bd80 e-grid e-con-full e-con e-parent\" data-id=\"f27bd80\" data-element_type=\"container\">\n\t\t<div class=\"elementor-element elementor-element-ae4db68 e-con-full e-flex e-con e-child\" data-id=\"ae4db68\" data-element_type=\"container\">\n\t\t\t\t<div class=\"elementor-element elementor-element-92e9619 elementor-widget elementor-widget-text-editor\" data-id=\"92e9619\" data-element_type=\"widget\" data-widget_type=\"text-editor.default\">\n\t\t\t\t\t\t\t\t\t<ol><li style=\"font-weight: 400;\">Klient uprawniony jest do z\u0142o\u017cenia reklamacji w zwi\u0105zku z udzia\u0142em w Promocji &#8222;POLE\u0106 NAU&#8221;, je\u017celi Organizator w spos\u00f3b nieprawid\u0142owy wykonuje swoje obowi\u0105zki wynikaj\u0105ce z Regulaminu. Reklamacja powinna zosta\u0107 z\u0142o\u017cona w terminie 14 dni od zaj\u015bcia okoliczno\u015bci uzasadniaj\u0105cych jej z\u0142o\u017cenie. Reklamacja powinna zosta\u0107 przes\u0142ana poczt\u0105, kurierem lub przes\u0142ana mailem na: hey@nau-uniforms.pl z dopiskiem: reklamacje Promocja &#8222;POLE\u0106 NAU&#8221; i zostanie rozpoznana w terminie 14 dni.<\/li><li style=\"font-weight: 400;\">W zakresie nieuregulowanym niniejszym Regulaminem zastosowanie maj\u0105 obowi\u0105zuj\u0105ce przepisy prawa.\u00a0<\/li><\/ol>\t\t\t\t\t\t\t\t<\/div>\n\t\t\t\t<\/div>\n\t\t\t\t<\/div>\n\t\t<div class=\"elementor-element elementor-element-52e070c e-grid e-con-full e-con e-parent\" data-id=\"52e070c\" data-element_type=\"container\">\n\t\t\t\t<div class=\"elementor-element elementor-element-95abb6c elementor-widget elementor-widget-spacer\" data-id=\"95abb6c\" data-element_type=\"widget\" data-widget_type=\"spacer.default\">\n\t\t\t\t\t\t\t<div class=\"elementor-spacer\">\n\t\t\t<div class=\"elementor-spacer-inner\"><\/div>\n\t\t<\/div>\n\t\t\t\t\t\t<\/div>\n\t\t\t\t<\/div>\n\t\t\t\t<\/div>\n\t\t","protected":false},"excerpt":{"rendered":"<p>Regulamin Pole\u0107 NAU Spis tre\u015bci \u00a71 POSTANOWIENIA OG\u00d3LNE \u00a72 ZASADY UDZIA\u0141U W PROMOCJI \u00a73 ZASADY ZAKO\u0143CZENIA PROMOCJI \u201ePOLE\u0106 NAU\u201d \u00a74 REKLAMACJE \u00a71 POSTANOWIENIA OG\u00d3LNE \u00a72 ZASADY UDZIA\u0141U W PROMOCJI \u00a73 ZASADY ZAKO\u0143CZENIA PROMOCJI \u201ePOLE\u0106 NAU\u201d \u00a74 REKLAMACJE \u00a71 POSTANOWIENIA OG\u00d3LNE 1. Niniejszy regulamin okre\u015bla zasady promocji &#8222;POLE\u0106 NAU&#8221; prowadzonej przez firm\u0119 NAU Uniforms w sklepie [&hellip;]<\/p>\n","protected":false},"author":1,"featured_media":0,"parent":0,"menu_order":0,"comment_status":"closed","ping_status":"closed","template":"elementor_header_footer","meta":{"footnotes":""},"class_list":["post-46","page","type-page","status-publish","hentry"],"jetpack_sharing_enabled":true,"_links":{"self":[{"href":"https:\/\/nau-uniforms.pl\/index.php\/wp-json\/wp\/v2\/pages\/46","targetHints":{"allow":["GET"]}}],"collection":[{"href":"https:\/\/nau-uniforms.pl\/index.php\/wp-json\/wp\/v2\/pages"}],"about":[{"href":"https:\/\/nau-uniforms.pl\/index.php\/wp-json\/wp\/v2\/types\/page"}],"author":[{"embeddable":true,"href":"https:\/\/nau-uniforms.pl\/index.php\/wp-json\/wp\/v2\/users\/1"}],"replies":[{"embeddable":true,"href":"https:\/\/nau-uniforms.pl\/index.php\/wp-json\/wp\/v2\/comments?post=46"}],"version-history":[{"count":4,"href":"https:\/\/nau-uniforms.pl\/index.php\/wp-json\/wp\/v2\/pages\/46\/revisions"}],"predecessor-version":[{"id":410,"href":"https:\/\/nau-uniforms.pl\/index.php\/wp-json\/wp\/v2\/pages\/46\/revisions\/410"}],"wp:attachment":[{"href":"https:\/\/nau-uniforms.pl\/index.php\/wp-json\/wp\/v2\/media?parent=46"}],"curies":[{"name":"wp","href":"https:\/\/api.w.org\/{rel}","templated":true}]}}