{"id":42,"date":"2025-08-05T10:05:29","date_gmt":"2025-08-05T08:05:29","guid":{"rendered":"https:\/\/nau-uniforms.pl\/?page_id=42"},"modified":"2025-08-12T14:13:08","modified_gmt":"2025-08-12T12:13:08","slug":"reklamacje","status":"publish","type":"page","link":"https:\/\/nau-uniforms.pl\/index.php\/reklamacje\/","title":{"rendered":"Reklamacje"},"content":{"rendered":"\t\t<div data-elementor-type=\"wp-page\" data-elementor-id=\"42\" class=\"elementor elementor-42\" data-elementor-post-type=\"page\">\n\t\t\t\t<div class=\"elementor-element elementor-element-1483139 e-grid e-con-full e-con e-parent\" data-id=\"1483139\" data-element_type=\"container\">\n\t\t\t\t<div class=\"elementor-element elementor-element-925c083 elementor-widget elementor-widget-spacer\" data-id=\"925c083\" data-element_type=\"widget\" data-widget_type=\"spacer.default\">\n\t\t\t\t\t\t\t<div class=\"elementor-spacer\">\n\t\t\t<div class=\"elementor-spacer-inner\"><\/div>\n\t\t<\/div>\n\t\t\t\t\t\t<\/div>\n\t\t\t\t<\/div>\n\t\t<div class=\"elementor-element elementor-element-28d1d9d e-grid e-con-full e-con e-parent\" data-id=\"28d1d9d\" data-element_type=\"container\">\n\t\t\t\t<div class=\"elementor-element elementor-element-ddc8e94 elementor-widget elementor-widget-heading\" data-id=\"ddc8e94\" data-element_type=\"widget\" data-widget_type=\"heading.default\">\n\t\t\t\t\t<h2 class=\"elementor-heading-title elementor-size-default\">Reklamacje<\/h2>\t\t\t\t<\/div>\n\t\t\t\t<\/div>\n\t\t<div class=\"elementor-element elementor-element-5a43ff4 e-grid e-con-full e-con e-parent\" data-id=\"5a43ff4\" data-element_type=\"container\">\n\t\t<div class=\"elementor-element elementor-element-cf13adf e-con-full e-flex e-con e-child\" data-id=\"cf13adf\" data-element_type=\"container\">\n\t\t\t\t<div class=\"elementor-element elementor-element-b2776c4 elementor-widget elementor-widget-text-editor\" data-id=\"b2776c4\" data-element_type=\"widget\" data-widget_type=\"text-editor.default\">\n\t\t\t\t\t\t\t\t\t<p style=\"font-weight: 400;\">Co\u015b jest nie tak z produktem, kt\u00f3ry do Ciebie trafi\u0142? \u00a0Spokojnie, w NAU szybko rozpatrzymy Twoj\u0105 reklamacj\u0119.\u00a0<\/p>\t\t\t\t\t\t\t\t<\/div>\n\t\t\t\t<\/div>\n\t\t\t\t<\/div>\n\t\t<div class=\"elementor-element elementor-element-f6b78b2 e-grid e-con-full e-con e-parent\" data-id=\"f6b78b2\" data-element_type=\"container\">\n\t\t\t\t<div class=\"elementor-element elementor-element-217a078 elementor-widget elementor-widget-spacer\" data-id=\"217a078\" data-element_type=\"widget\" data-widget_type=\"spacer.default\">\n\t\t\t\t\t\t\t<div class=\"elementor-spacer\">\n\t\t\t<div class=\"elementor-spacer-inner\"><\/div>\n\t\t<\/div>\n\t\t\t\t\t\t<\/div>\n\t\t\t\t<\/div>\n\t\t<div class=\"elementor-element elementor-element-a6acb23 e-grid e-con-full e-con e-parent\" data-id=\"a6acb23\" data-element_type=\"container\">\n\t\t\t\t<div class=\"elementor-element elementor-element-19d75a4 elementor-widget elementor-widget-heading\" data-id=\"19d75a4\" data-element_type=\"widget\" data-widget_type=\"heading.default\">\n\t\t\t\t\t<h2 class=\"elementor-heading-title elementor-size-default\">Krok 1. - wype\u0142nij formularz<\/h2>\t\t\t\t<\/div>\n\t\t\t\t<\/div>\n\t\t<div class=\"elementor-element elementor-element-995a266 e-grid e-con-full e-con e-parent\" data-id=\"995a266\" data-element_type=\"container\">\n\t\t<div class=\"elementor-element elementor-element-a85f230 e-con-full e-flex e-con e-child\" data-id=\"a85f230\" data-element_type=\"container\">\n\t\t\t\t<div class=\"elementor-element elementor-element-148bb24 elementor-widget elementor-widget-text-editor\" data-id=\"148bb24\" data-element_type=\"widget\" data-widget_type=\"text-editor.default\">\n\t\t\t\t\t\t\t\t\t<p style=\"font-weight: 400;\">Wype\u0142nij formularz reklamacji, mo\u017cesz skorzysta\u0107 z tego, kt\u00f3ry za\u0142\u0105czyli\u015bmy, ale nie jest to obowi\u0105zkowe.\u00a0 Opisz wad\u0119 produktu.<\/p><ul style=\"font-weight: 400;\"><li><a href=\"https:\/\/nau-uniforms.pl\/img\/cms\/WZ%C3%93R%20FORMULARZA%20REKLAMACYJNEGO%20W%20PRZYPADKU%20KONSUMENTA.pdf\">Pobierz formularz reklamacji dla Konsumenta<\/a><\/li><li><a href=\"https:\/\/nau-uniforms.pl\/img\/cms\/WZ%C3%93R%20FORMULARZA%20REKLAMACYJNEGO%20W%20PRZYPADKU%20PRZEDSI%C4%98BIORCY%20NA%20PRAWACH%20KONSUMENTA.pdf\">Pobierz formularz reklamacji dla Przedsi\u0119biorcy na prawach Konsumenta\u00a0<\/a><\/li><\/ul>\t\t\t\t\t\t\t\t<\/div>\n\t\t\t\t<\/div>\n\t\t\t\t<\/div>\n\t\t<div class=\"elementor-element elementor-element-5e92176 e-grid e-con-full e-con e-parent\" data-id=\"5e92176\" data-element_type=\"container\">\n\t\t\t\t<div class=\"elementor-element elementor-element-fa45cab elementor-widget elementor-widget-spacer\" data-id=\"fa45cab\" data-element_type=\"widget\" data-widget_type=\"spacer.default\">\n\t\t\t\t\t\t\t<div class=\"elementor-spacer\">\n\t\t\t<div class=\"elementor-spacer-inner\"><\/div>\n\t\t<\/div>\n\t\t\t\t\t\t<\/div>\n\t\t\t\t<\/div>\n\t\t<div class=\"elementor-element elementor-element-db7a843 e-grid e-con-full e-con e-parent\" data-id=\"db7a843\" data-element_type=\"container\">\n\t\t\t\t<div class=\"elementor-element elementor-element-ffbade3 elementor-widget elementor-widget-heading\" data-id=\"ffbade3\" data-element_type=\"widget\" data-widget_type=\"heading.default\">\n\t\t\t\t\t<h2 class=\"elementor-heading-title elementor-size-default\">Krok 2. - spakuj produkt<\/h2>\t\t\t\t<\/div>\n\t\t\t\t<\/div>\n\t\t<div class=\"elementor-element elementor-element-141ae96 e-grid e-con-full e-con e-parent\" data-id=\"141ae96\" data-element_type=\"container\">\n\t\t<div class=\"elementor-element elementor-element-4e289d7 e-con-full e-flex e-con e-child\" data-id=\"4e289d7\" data-element_type=\"container\">\n\t\t\t\t<div class=\"elementor-element elementor-element-efa0456 elementor-widget elementor-widget-text-editor\" data-id=\"efa0456\" data-element_type=\"widget\" data-widget_type=\"text-editor.default\">\n\t\t\t\t\t\t\t\t\t<p style=\"font-weight: 400;\">Zapakuj bezpiecznie produkt, kt\u00f3ry chcesz zareklamowa\u0107, a na paczce\u00a0<u>napisz numer zam\u00f3wienia.\u00a0<\/u>\u00a0<\/p>\t\t\t\t\t\t\t\t<\/div>\n\t\t\t\t<\/div>\n\t\t\t\t<\/div>\n\t\t<div class=\"elementor-element elementor-element-8074c2d e-grid e-con-full e-con e-parent\" data-id=\"8074c2d\" data-element_type=\"container\">\n\t\t\t\t<div class=\"elementor-element elementor-element-1ffeed3 elementor-widget elementor-widget-spacer\" data-id=\"1ffeed3\" data-element_type=\"widget\" data-widget_type=\"spacer.default\">\n\t\t\t\t\t\t\t<div class=\"elementor-spacer\">\n\t\t\t<div class=\"elementor-spacer-inner\"><\/div>\n\t\t<\/div>\n\t\t\t\t\t\t<\/div>\n\t\t\t\t<\/div>\n\t\t<div class=\"elementor-element elementor-element-1b3029b e-grid e-con-full e-con e-parent\" data-id=\"1b3029b\" data-element_type=\"container\">\n\t\t\t\t<div class=\"elementor-element elementor-element-f8c3887 elementor-widget elementor-widget-heading\" data-id=\"f8c3887\" data-element_type=\"widget\" data-widget_type=\"heading.default\">\n\t\t\t\t\t<h2 class=\"elementor-heading-title elementor-size-default\">Krok 3. - ode\u015blij produkt do NAU<\/h2>\t\t\t\t<\/div>\n\t\t\t\t<\/div>\n\t\t<div class=\"elementor-element elementor-element-0636b44 e-grid e-con-full e-con e-parent\" data-id=\"0636b44\" data-element_type=\"container\">\n\t\t<div class=\"elementor-element elementor-element-f97f0e4 e-con-full e-flex e-con e-child\" data-id=\"f97f0e4\" data-element_type=\"container\">\n\t\t\t\t<div class=\"elementor-element elementor-element-56787b5 elementor-widget elementor-widget-text-editor\" data-id=\"56787b5\" data-element_type=\"widget\" data-widget_type=\"text-editor.default\">\n\t\t\t\t\t\t\t\t\t<p style=\"font-weight: 400;\">Bezpiecznie zapakowany produkt, wy\u015blij na sw\u00f3j koszt do NAU, adresuj\u0105c przesy\u0142k\u0119 nast\u0119puj\u0105co:<\/p><p style=\"font-weight: 400;\">NAU Uniforms\u00a0<\/p><p>Pu\u0142awska 564, 02-884 Warszawa<\/p><p style=\"font-weight: 400;\">tel. 505\u00a0092 001<\/p>\t\t\t\t\t\t\t\t<\/div>\n\t\t\t\t<\/div>\n\t\t\t\t<\/div>\n\t\t<div class=\"elementor-element elementor-element-2bf1e95 e-grid e-con-full e-con e-parent\" data-id=\"2bf1e95\" data-element_type=\"container\">\n\t\t\t\t<div class=\"elementor-element elementor-element-54e5e75 elementor-widget elementor-widget-spacer\" data-id=\"54e5e75\" data-element_type=\"widget\" data-widget_type=\"spacer.default\">\n\t\t\t\t\t\t\t<div class=\"elementor-spacer\">\n\t\t\t<div class=\"elementor-spacer-inner\"><\/div>\n\t\t<\/div>\n\t\t\t\t\t\t<\/div>\n\t\t\t\t<\/div>\n\t\t<div class=\"elementor-element elementor-element-2828670 e-grid e-con-full e-con e-parent\" data-id=\"2828670\" data-element_type=\"container\">\n\t\t\t\t<div class=\"elementor-element elementor-element-3de011d elementor-widget elementor-widget-heading\" data-id=\"3de011d\" data-element_type=\"widget\" data-widget_type=\"heading.default\">\n\t\t\t\t\t<h2 class=\"elementor-heading-title elementor-size-default\">Krok 4. - poczekaj na rozpatrzenie reklamacji<\/h2>\t\t\t\t<\/div>\n\t\t\t\t<\/div>\n\t\t<div class=\"elementor-element elementor-element-59aee66 e-grid e-con-full e-con e-parent\" data-id=\"59aee66\" data-element_type=\"container\">\n\t\t<div class=\"elementor-element elementor-element-d9a31ba e-con-full e-flex e-con e-child\" data-id=\"d9a31ba\" data-element_type=\"container\">\n\t\t\t\t<div class=\"elementor-element elementor-element-ebcf18d elementor-widget elementor-widget-text-editor\" data-id=\"ebcf18d\" data-element_type=\"widget\" data-widget_type=\"text-editor.default\">\n\t\t\t\t\t\t\t\t\t<p style=\"font-weight: 400;\">Postaramy si\u0119 rozpatrzy\u0107 Twoj\u0105 reklamacj\u0119 mo\u017cliwie jak najszybciej. Mamy na to maksymalnie 14 dni roboczych.\u00a0<\/p>\t\t\t\t\t\t\t\t<\/div>\n\t\t\t\t<\/div>\n\t\t\t\t<\/div>\n\t\t<div class=\"elementor-element elementor-element-6089677 e-grid e-con-full e-con e-parent\" data-id=\"6089677\" data-element_type=\"container\">\n\t\t\t\t<div class=\"elementor-element elementor-element-b93c662 elementor-widget elementor-widget-spacer\" data-id=\"b93c662\" data-element_type=\"widget\" data-widget_type=\"spacer.default\">\n\t\t\t\t\t\t\t<div class=\"elementor-spacer\">\n\t\t\t<div class=\"elementor-spacer-inner\"><\/div>\n\t\t<\/div>\n\t\t\t\t\t\t<\/div>\n\t\t\t\t<\/div>\n\t\t\t\t<\/div>\n\t\t","protected":false},"excerpt":{"rendered":"<p>Reklamacje Co\u015b jest nie tak z produktem, kt\u00f3ry do Ciebie trafi\u0142? \u00a0Spokojnie, w NAU szybko rozpatrzymy Twoj\u0105 reklamacj\u0119.\u00a0 Krok 1. &#8211; wype\u0142nij formularz Wype\u0142nij formularz reklamacji, mo\u017cesz skorzysta\u0107 z tego, kt\u00f3ry za\u0142\u0105czyli\u015bmy, ale nie jest to obowi\u0105zkowe.\u00a0 Opisz wad\u0119 produktu. Pobierz formularz reklamacji dla Konsumenta Pobierz formularz reklamacji dla Przedsi\u0119biorcy na prawach Konsumenta\u00a0 Krok 2. [&hellip;]<\/p>\n","protected":false},"author":1,"featured_media":0,"parent":0,"menu_order":0,"comment_status":"closed","ping_status":"closed","template":"elementor_header_footer","meta":{"footnotes":""},"class_list":["post-42","page","type-page","status-publish","hentry"],"jetpack_sharing_enabled":true,"_links":{"self":[{"href":"https:\/\/nau-uniforms.pl\/index.php\/wp-json\/wp\/v2\/pages\/42","targetHints":{"allow":["GET"]}}],"collection":[{"href":"https:\/\/nau-uniforms.pl\/index.php\/wp-json\/wp\/v2\/pages"}],"about":[{"href":"https:\/\/nau-uniforms.pl\/index.php\/wp-json\/wp\/v2\/types\/page"}],"author":[{"embeddable":true,"href":"https:\/\/nau-uniforms.pl\/index.php\/wp-json\/wp\/v2\/users\/1"}],"replies":[{"embeddable":true,"href":"https:\/\/nau-uniforms.pl\/index.php\/wp-json\/wp\/v2\/comments?post=42"}],"version-history":[{"count":19,"href":"https:\/\/nau-uniforms.pl\/index.php\/wp-json\/wp\/v2\/pages\/42\/revisions"}],"predecessor-version":[{"id":444,"href":"https:\/\/nau-uniforms.pl\/index.php\/wp-json\/wp\/v2\/pages\/42\/revisions\/444"}],"wp:attachment":[{"href":"https:\/\/nau-uniforms.pl\/index.php\/wp-json\/wp\/v2\/media?parent=42"}],"curies":[{"name":"wp","href":"https:\/\/api.w.org\/{rel}","templated":true}]}}