{"id":40,"date":"2025-08-05T10:05:03","date_gmt":"2025-08-05T08:05:03","guid":{"rendered":"https:\/\/nau-uniforms.pl\/?page_id=40"},"modified":"2025-08-12T14:06:55","modified_gmt":"2025-08-12T12:06:55","slug":"dostawa-i-platnosci","status":"publish","type":"page","link":"https:\/\/nau-uniforms.pl\/index.php\/dostawa-i-platnosci\/","title":{"rendered":"Dostawa i p\u0142atno\u015bci"},"content":{"rendered":"\t\t<div data-elementor-type=\"wp-page\" data-elementor-id=\"40\" class=\"elementor elementor-40\" data-elementor-post-type=\"page\">\n\t\t\t\t<div class=\"elementor-element elementor-element-42fcd09 e-grid e-con-full e-con e-parent\" data-id=\"42fcd09\" data-element_type=\"container\">\n\t\t\t\t<div class=\"elementor-element elementor-element-2a3acc6 elementor-widget elementor-widget-spacer\" data-id=\"2a3acc6\" data-element_type=\"widget\" data-widget_type=\"spacer.default\">\n\t\t\t\t\t\t\t<div class=\"elementor-spacer\">\n\t\t\t<div class=\"elementor-spacer-inner\"><\/div>\n\t\t<\/div>\n\t\t\t\t\t\t<\/div>\n\t\t\t\t<\/div>\n\t\t<div class=\"elementor-element elementor-element-f1f22fc e-grid e-con-full e-con e-parent\" data-id=\"f1f22fc\" data-element_type=\"container\">\n\t\t\t\t<div class=\"elementor-element elementor-element-2e3261c elementor-widget elementor-widget-heading\" data-id=\"2e3261c\" data-element_type=\"widget\" data-widget_type=\"heading.default\">\n\t\t\t\t\t<h2 class=\"elementor-heading-title elementor-size-default\">Dostawa i p\u0142atno\u015bci<\/h2>\t\t\t\t<\/div>\n\t\t\t\t<\/div>\n\t\t<div class=\"elementor-element elementor-element-16d4c48 e-grid e-con-full e-con e-parent\" data-id=\"16d4c48\" data-element_type=\"container\">\n\t\t\t\t<div class=\"elementor-element elementor-element-f3a2eb3 elementor-widget elementor-widget-spacer\" data-id=\"f3a2eb3\" data-element_type=\"widget\" data-widget_type=\"spacer.default\">\n\t\t\t\t\t\t\t<div class=\"elementor-spacer\">\n\t\t\t<div class=\"elementor-spacer-inner\"><\/div>\n\t\t<\/div>\n\t\t\t\t\t\t<\/div>\n\t\t\t\t<\/div>\n\t\t<div class=\"elementor-element elementor-element-c86d8a4 e-grid e-con-full e-con e-parent\" data-id=\"c86d8a4\" data-element_type=\"container\">\n\t\t\t\t<div class=\"elementor-element elementor-element-0f8adfb elementor-widget elementor-widget-heading\" data-id=\"0f8adfb\" data-element_type=\"widget\" data-widget_type=\"heading.default\">\n\t\t\t\t\t<h2 class=\"elementor-heading-title elementor-size-default\">DOSTAWY<\/h2>\t\t\t\t<\/div>\n\t\t\t\t<\/div>\n\t\t<div class=\"elementor-element elementor-element-eaa730e e-grid e-con-full e-con e-parent\" data-id=\"eaa730e\" data-element_type=\"container\">\n\t\t<div class=\"elementor-element elementor-element-1eb59ec e-con-full e-flex e-con e-child\" data-id=\"1eb59ec\" data-element_type=\"container\">\n\t\t\t\t<div class=\"elementor-element elementor-element-66ce5f2 elementor-widget elementor-widget-text-editor\" data-id=\"66ce5f2\" data-element_type=\"widget\" data-widget_type=\"text-editor.default\">\n\t\t\t\t\t\t\t\t\t<p>1. Wysy\u0142ka zakupionego towaru nast\u0119puje po jego skompletowaniu przez Sprzedawc\u0119, co do zasady nast\u0119puje w terminie od 1 do 3 dni roboczych od momentu przyj\u0119cia Zam\u00f3wienia do realizacji. To tego nale\u017cy doda\u0107 czas wysy\u0142ki przez firm\u0119 kuriersk\u0105, co zwykle, na terenie Polski, nast\u0119puje do 3 dni roboczych.<\/p><p>2. Klient ma do wyboru nast\u0119puj\u0105ce formy dostawy:<\/p><p>&#8211;\u00a0\u00a0\u00a0\u00a0\u00a0\u00a0\u00a0\u00a0\u00a0\u00a0Paczkomaty<\/p><p>&#8211;\u00a0\u00a0\u00a0\u00a0\u00a0\u00a0\u00a0\u00a0\u00a0\u00a0Przesy\u0142ka kurierska<\/p><p>3. Dostawy realizowane s\u0105 na terenie Polski oraz do kraj\u00f3w z rozwijanej listy udost\u0119pnionej na etapie wpisywania adresu wysy\u0142ki.\u00a0<\/p><p>4. Zam\u00f3wienie zostanie zrealizowane pod wskazany w Formularzu Zam\u00f3wienia adres wysy\u0142ki.<\/p><p>5. Dostawy odbywaj\u0105 si\u0119 w dni robocze, od poniedzia\u0142ku do pi\u0105tku.<\/p><p>6. Koszty dostaw podane s\u0105 w momencie sk\u0142adania Zam\u00f3wienia i przeliczania koszyka. Klient mo\u017ce si\u0119 z nimi zapozna\u0107 przed dokonaniem Zam\u00f3wienia.\u00a0 Ceny Produkt\u00f3w nie zawieraj\u0105 cen dostawy, kt\u00f3re doliczane s\u0105 zgodnie z aktualnym cennikiem Sklepu.<\/p><p>7. W przypadku wyboru przez Klienta p\u0142atno\u015bci w formie przedp\u0142aty czas wysy\u0142ki Produktu liczy si\u0119 od dnia uznania wp\u0142aty na rachunku bankowym Sprzedawcy.\u00a0<\/p><p>8. Je\u017celi przy zakupie Klient wybiera p\u0142atno\u015b\u0107 w formie przedp\u0142aty to zobowi\u0105zuje si\u0119 do niezw\u0142ocznej wp\u0142aty \u015brodk\u00f3w na rachunek bankowy Sprzedawcy. W razie braku wp\u0142aty na rachunek bankowy Sprzedawcy w terminie 3 dni roboczych od dnia z\u0142o\u017cenia Zam\u00f3wienia w Sklepie (z wy\u0142\u0105czeniem sob\u00f3t, niedziel i innych dni ustawowo wolnych od pracy), Zam\u00f3wienie ulega anulowaniu.\u00a0<\/p><p>9. W przypadku wyboru formy p\u0142atno\u015bci za pobraniem \u2013 czas realizacji Zam\u00f3wienia liczony jest od momentu otrzymania od Sprzedawcy wiadomo\u015bci e-mail potwierdzaj\u0105cej z\u0142o\u017cenie Zam\u00f3wienia.\u00a0<\/p><p>10. Przyjmuje si\u0119, \u017ce dzie\u0144 zap\u0142aty, to dzie\u0144 uznania rachunku bankowego Sprzedawcy.\u00a0<\/p>\t\t\t\t\t\t\t\t<\/div>\n\t\t\t\t<\/div>\n\t\t\t\t<\/div>\n\t\t<div class=\"elementor-element elementor-element-0969029 e-grid e-con-full e-con e-parent\" data-id=\"0969029\" data-element_type=\"container\">\n\t\t<div class=\"elementor-element elementor-element-13e6cc7 e-con-full e-flex e-con e-child\" data-id=\"13e6cc7\" data-element_type=\"container\">\n\t\t\t\t<div class=\"elementor-element elementor-element-e8e36b3 elementor-widget elementor-widget-image\" data-id=\"e8e36b3\" data-element_type=\"widget\" data-widget_type=\"image.default\">\n\t\t\t\t\t\t\t\t\t\t\t\t\t\t\t<img fetchpriority=\"high\" decoding=\"async\" width=\"800\" height=\"249\" src=\"https:\/\/nau-uniforms.pl\/wp-content\/uploads\/2025\/08\/Screenshot_7.png\" class=\"attachment-large size-large wp-image-426\" alt=\"\" srcset=\"https:\/\/nau-uniforms.pl\/wp-content\/uploads\/2025\/08\/Screenshot_7.png 882w, https:\/\/nau-uniforms.pl\/wp-content\/uploads\/2025\/08\/Screenshot_7-600x187.png 600w, https:\/\/nau-uniforms.pl\/wp-content\/uploads\/2025\/08\/Screenshot_7-300x94.png 300w, https:\/\/nau-uniforms.pl\/wp-content\/uploads\/2025\/08\/Screenshot_7-768x239.png 768w\" sizes=\"(max-width: 800px) 100vw, 800px\" \/>\t\t\t\t\t\t\t\t\t\t\t\t\t\t\t<\/div>\n\t\t\t\t<\/div>\n\t\t\t\t<\/div>\n\t\t<div class=\"elementor-element elementor-element-ecbab3d e-grid e-con-full e-con e-parent\" data-id=\"ecbab3d\" data-element_type=\"container\">\n\t\t\t\t<div class=\"elementor-element elementor-element-5d8ad84 elementor-widget elementor-widget-spacer\" data-id=\"5d8ad84\" data-element_type=\"widget\" data-widget_type=\"spacer.default\">\n\t\t\t\t\t\t\t<div class=\"elementor-spacer\">\n\t\t\t<div class=\"elementor-spacer-inner\"><\/div>\n\t\t<\/div>\n\t\t\t\t\t\t<\/div>\n\t\t\t\t<\/div>\n\t\t<div class=\"elementor-element elementor-element-14270ca e-grid e-con-full e-con e-parent\" data-id=\"14270ca\" data-element_type=\"container\">\n\t\t\t\t<div class=\"elementor-element elementor-element-904ea53 elementor-widget elementor-widget-heading\" data-id=\"904ea53\" data-element_type=\"widget\" data-widget_type=\"heading.default\">\n\t\t\t\t\t<h2 class=\"elementor-heading-title elementor-size-default\">DOST\u0118PNE FORMY P\u0141ATNO\u015aCI<\/h2>\t\t\t\t<\/div>\n\t\t\t\t<\/div>\n\t\t<div class=\"elementor-element elementor-element-9440375 e-grid e-con-full e-con e-parent\" data-id=\"9440375\" data-element_type=\"container\">\n\t\t<div class=\"elementor-element elementor-element-c42ecdf e-con-full e-flex e-con e-child\" data-id=\"c42ecdf\" data-element_type=\"container\">\n\t\t\t\t<div class=\"elementor-element elementor-element-6b07ca7 elementor-widget elementor-widget-text-editor\" data-id=\"6b07ca7\" data-element_type=\"widget\" data-widget_type=\"text-editor.default\">\n\t\t\t\t\t\t\t\t\t<p>1.\u00a0Ceny Produkt\u00f3w zamieszczone na stronie internetowej Sklepu s\u0105 cenami brutto\u00a0\u2028i zawieraj\u0105 wszystkie podatki wymagane przez obowi\u0105zuj\u0105ce przepisy prawne. (w tym podatek VAT).<\/p><p>2.\u00a0\u00a0Klient mo\u017ce wybra\u0107 nast\u0119puj\u0105ce formy p\u0142atno\u015bci za zam\u00f3wione Produkty:<\/p><p>&#8211;\u00a0przelewem bankowym \u2013 p\u0142atne bezpo\u015brednio na konto Sprzedawcy. W tym celu prosz\u0119 skontaktowa\u0107 si\u0119 ze Sprzedawc\u0105 na dane kontaktowe podane\u00a0\u2028w Regulaminie;<\/p><p>&#8211; przelewem elektronicznym \u2013 p\u0142atne bezpo\u015brednio na konto Sprzedawcy za po\u015brednictwem systemu Przelewy24 \u2013 na przelewie w polu \u201eTytu\u0142em\u201d prosimy poda\u0107 co najmniej numer Zam\u00f3wienia; \u00a0<\/p><p>&#8211;\u00a0kart\u0105 p\u0142atnicz\u0105, za po\u015brednictwem operatora kart p\u0142atniczych Przelewy24.\u00a0 Autoryzacja\u00a0\u2028i przetwarzanie danych osobowych odbywa si\u0119 za po\u015brednictwem danego banku;<\/p><p>&#8211;\u00a0za pobraniem- p\u0142atne przy odbiorze Produktu. Produkt zostanie wydany\u00a0\u2028po otrzymaniu p\u0142atno\u015bci przy odbiorze;<\/p><p>7.\u00a0Do ka\u017cdego Zam\u00f3wienia wystawiana jest faktura (imienna lub na firm\u0119, je\u015bli zosta\u0142y podane dane firmy) w wersji elektronicznej, kt\u00f3ra zostaje przes\u0142ana do Klienta automatycznie, na co Klient niniejszym wyra\u017ca zgod\u0119.<\/p>\t\t\t\t\t\t\t\t<\/div>\n\t\t\t\t<\/div>\n\t\t\t\t<\/div>\n\t\t\t\t<\/div>\n\t\t","protected":false},"excerpt":{"rendered":"<p>Dostawa i p\u0142atno\u015bci DOSTAWY 1. Wysy\u0142ka zakupionego towaru nast\u0119puje po jego skompletowaniu przez Sprzedawc\u0119, co do zasady nast\u0119puje w terminie od 1 do 3 dni roboczych od momentu przyj\u0119cia Zam\u00f3wienia do realizacji. To tego nale\u017cy doda\u0107 czas wysy\u0142ki przez firm\u0119 kuriersk\u0105, co zwykle, na terenie Polski, nast\u0119puje do 3 dni roboczych. 2. Klient ma do [&hellip;]<\/p>\n","protected":false},"author":1,"featured_media":0,"parent":0,"menu_order":0,"comment_status":"closed","ping_status":"closed","template":"elementor_header_footer","meta":{"footnotes":""},"class_list":["post-40","page","type-page","status-publish","hentry"],"jetpack_sharing_enabled":true,"_links":{"self":[{"href":"https:\/\/nau-uniforms.pl\/index.php\/wp-json\/wp\/v2\/pages\/40","targetHints":{"allow":["GET"]}}],"collection":[{"href":"https:\/\/nau-uniforms.pl\/index.php\/wp-json\/wp\/v2\/pages"}],"about":[{"href":"https:\/\/nau-uniforms.pl\/index.php\/wp-json\/wp\/v2\/types\/page"}],"author":[{"embeddable":true,"href":"https:\/\/nau-uniforms.pl\/index.php\/wp-json\/wp\/v2\/users\/1"}],"replies":[{"embeddable":true,"href":"https:\/\/nau-uniforms.pl\/index.php\/wp-json\/wp\/v2\/comments?post=40"}],"version-history":[{"count":10,"href":"https:\/\/nau-uniforms.pl\/index.php\/wp-json\/wp\/v2\/pages\/40\/revisions"}],"predecessor-version":[{"id":432,"href":"https:\/\/nau-uniforms.pl\/index.php\/wp-json\/wp\/v2\/pages\/40\/revisions\/432"}],"wp:attachment":[{"href":"https:\/\/nau-uniforms.pl\/index.php\/wp-json\/wp\/v2\/media?parent=40"}],"curies":[{"name":"wp","href":"https:\/\/api.w.org\/{rel}","templated":true}]}}