{"id":35,"date":"2025-08-05T10:02:07","date_gmt":"2025-08-05T08:02:07","guid":{"rendered":"https:\/\/nau-uniforms.pl\/?page_id=35"},"modified":"2025-10-13T11:16:58","modified_gmt":"2025-10-13T09:16:58","slug":"blog","status":"publish","type":"page","link":"https:\/\/nau-uniforms.pl\/index.php\/blog\/","title":{"rendered":"Blog"},"content":{"rendered":"\t\t<div data-elementor-type=\"wp-page\" data-elementor-id=\"35\" class=\"elementor elementor-35\" data-elementor-post-type=\"page\">\n\t\t\t\t<div class=\"elementor-element elementor-element-eb4bfdb e-grid e-con-full e-con e-parent\" data-id=\"eb4bfdb\" data-element_type=\"container\">\n\t\t\t\t<div class=\"elementor-element elementor-element-9a6d35f elementor-widget elementor-widget-spacer\" data-id=\"9a6d35f\" data-element_type=\"widget\" data-widget_type=\"spacer.default\">\n\t\t\t\t\t\t\t<div class=\"elementor-spacer\">\n\t\t\t<div class=\"elementor-spacer-inner\"><\/div>\n\t\t<\/div>\n\t\t\t\t\t\t<\/div>\n\t\t\t\t<\/div>\n\t\t<div class=\"elementor-element elementor-element-d3d6867 e-grid e-con-full e-con e-parent\" data-id=\"d3d6867\" data-element_type=\"container\">\n\t\t\t\t<div class=\"elementor-element elementor-element-ebd408a elementor-widget elementor-widget-heading\" data-id=\"ebd408a\" data-element_type=\"widget\" data-widget_type=\"heading.default\">\n\t\t\t\t\t<h2 class=\"elementor-heading-title elementor-size-default\">Blog<\/h2>\t\t\t\t<\/div>\n\t\t\t\t<\/div>\n\t\t<div class=\"elementor-element elementor-element-688885f e-grid e-con-full e-con e-parent\" data-id=\"688885f\" data-element_type=\"container\">\n\t\t\t\t<div class=\"elementor-element elementor-element-a20fda9 elementor-widget elementor-widget-spacer\" data-id=\"a20fda9\" data-element_type=\"widget\" data-widget_type=\"spacer.default\">\n\t\t\t\t\t\t\t<div class=\"elementor-spacer\">\n\t\t\t<div class=\"elementor-spacer-inner\"><\/div>\n\t\t<\/div>\n\t\t\t\t\t\t<\/div>\n\t\t\t\t<\/div>\n\t\t<div class=\"elementor-element elementor-element-4291a87 e-grid e-con-full e-con e-parent\" data-id=\"4291a87\" data-element_type=\"container\">\n\t\t<div class=\"elementor-element elementor-element-2d9cce5 e-con-full e-flex e-con e-child\" data-id=\"2d9cce5\" data-element_type=\"container\">\n\t\t\t\t<div class=\"elementor-element elementor-element-f7578f0 elementor-posts--align-left elementor-grid-3 elementor-grid-tablet-2 elementor-grid-mobile-1 elementor-posts--thumbnail-top elementor-widget elementor-widget-posts\" data-id=\"f7578f0\" data-element_type=\"widget\" data-settings=\"{&quot;classic_columns&quot;:&quot;3&quot;,&quot;classic_columns_tablet&quot;:&quot;2&quot;,&quot;classic_columns_mobile&quot;:&quot;1&quot;,&quot;classic_row_gap&quot;:{&quot;unit&quot;:&quot;px&quot;,&quot;size&quot;:35,&quot;sizes&quot;:[]},&quot;classic_row_gap_tablet&quot;:{&quot;unit&quot;:&quot;px&quot;,&quot;size&quot;:&quot;&quot;,&quot;sizes&quot;:[]},&quot;classic_row_gap_mobile&quot;:{&quot;unit&quot;:&quot;px&quot;,&quot;size&quot;:&quot;&quot;,&quot;sizes&quot;:[]}}\" data-widget_type=\"posts.classic\">\n\t\t\t\t<div class=\"elementor-widget-container\">\n\t\t\t\t\t\t\t<div class=\"elementor-posts-container elementor-posts elementor-posts--skin-classic elementor-grid\" role=\"list\">\n\t\t\t\t<article class=\"elementor-post elementor-grid-item post-3267 post type-post status-publish format-standard has-post-thumbnail hentry category-bez-kategorii\" role=\"listitem\">\n\t\t\t\t<a class=\"elementor-post__thumbnail__link\" href=\"https:\/\/nau-uniforms.pl\/index.php\/2025\/10\/13\/scrubsy-to-calkiem-swiezy-wynalazek\/\" tabindex=\"-1\" >\n\t\t\t<div class=\"elementor-post__thumbnail\"><img fetchpriority=\"high\" decoding=\"async\" width=\"540\" height=\"300\" src=\"https:\/\/nau-uniforms.pl\/wp-content\/uploads\/2025\/10\/5-thumb.png\" class=\"attachment-full size-full wp-image-3270\" alt=\"\" srcset=\"https:\/\/nau-uniforms.pl\/wp-content\/uploads\/2025\/10\/5-thumb.png 540w, https:\/\/nau-uniforms.pl\/wp-content\/uploads\/2025\/10\/5-thumb-300x167.png 300w, https:\/\/nau-uniforms.pl\/wp-content\/uploads\/2025\/10\/5-thumb-64x36.png 64w\" sizes=\"(max-width: 540px) 100vw, 540px\" \/><\/div>\n\t\t<\/a>\n\t\t\t\t<div class=\"elementor-post__text\">\n\t\t\t\t<h3 class=\"elementor-post__title\">\n\t\t\t<a href=\"https:\/\/nau-uniforms.pl\/index.php\/2025\/10\/13\/scrubsy-to-calkiem-swiezy-wynalazek\/\" >\n\t\t\t\tScrubsy to ca\u0142kiem \u015bwie\u017cy wynalazek\t\t\t<\/a>\n\t\t<\/h3>\n\t\t\t\t\t<div class=\"elementor-post__read-more-wrapper\">\n\t\t\n\t\t<a class=\"elementor-post__read-more\" href=\"https:\/\/nau-uniforms.pl\/index.php\/2025\/10\/13\/scrubsy-to-calkiem-swiezy-wynalazek\/\" aria-label=\"Read more about Scrubsy to ca\u0142kiem \u015bwie\u017cy wynalazek\" tabindex=\"-1\" >\n\t\t\tCzytaj wi\u0119cej &gt;\t\t<\/a>\n\n\t\t\t\t\t<\/div>\n\t\t\t\t<\/div>\n\t\t\t\t<\/article>\n\t\t\t\t<article class=\"elementor-post elementor-grid-item post-3258 post type-post status-publish format-standard has-post-thumbnail hentry category-bez-kategorii\" role=\"listitem\">\n\t\t\t\t<a class=\"elementor-post__thumbnail__link\" href=\"https:\/\/nau-uniforms.pl\/index.php\/2025\/10\/13\/czy-kolor-ma-znaczenie\/\" tabindex=\"-1\" >\n\t\t\t<div class=\"elementor-post__thumbnail\"><img decoding=\"async\" width=\"600\" height=\"300\" src=\"https:\/\/nau-uniforms.pl\/wp-content\/uploads\/2025\/10\/4-thumb.jpg\" class=\"attachment-full size-full wp-image-3259\" alt=\"\" srcset=\"https:\/\/nau-uniforms.pl\/wp-content\/uploads\/2025\/10\/4-thumb.jpg 600w, https:\/\/nau-uniforms.pl\/wp-content\/uploads\/2025\/10\/4-thumb-300x150.jpg 300w, https:\/\/nau-uniforms.pl\/wp-content\/uploads\/2025\/10\/4-thumb-64x32.jpg 64w\" sizes=\"(max-width: 600px) 100vw, 600px\" \/><\/div>\n\t\t<\/a>\n\t\t\t\t<div class=\"elementor-post__text\">\n\t\t\t\t<h3 class=\"elementor-post__title\">\n\t\t\t<a href=\"https:\/\/nau-uniforms.pl\/index.php\/2025\/10\/13\/czy-kolor-ma-znaczenie\/\" >\n\t\t\t\tCzy kolor ma znaczenie?\t\t\t<\/a>\n\t\t<\/h3>\n\t\t\t\t\t<div class=\"elementor-post__read-more-wrapper\">\n\t\t\n\t\t<a class=\"elementor-post__read-more\" href=\"https:\/\/nau-uniforms.pl\/index.php\/2025\/10\/13\/czy-kolor-ma-znaczenie\/\" aria-label=\"Read more about Czy kolor ma znaczenie?\" tabindex=\"-1\" >\n\t\t\tCzytaj wi\u0119cej &gt;\t\t<\/a>\n\n\t\t\t\t\t<\/div>\n\t\t\t\t<\/div>\n\t\t\t\t<\/article>\n\t\t\t\t<article class=\"elementor-post elementor-grid-item post-3197 post type-post status-publish format-standard has-post-thumbnail hentry category-bez-kategorii\" role=\"listitem\">\n\t\t\t\t<a class=\"elementor-post__thumbnail__link\" href=\"https:\/\/nau-uniforms.pl\/index.php\/2025\/10\/09\/moda-fartuchowa\/\" tabindex=\"-1\" >\n\t\t\t<div class=\"elementor-post__thumbnail\"><img decoding=\"async\" width=\"600\" height=\"300\" src=\"https:\/\/nau-uniforms.pl\/wp-content\/uploads\/2025\/10\/3-thumb.jpg\" class=\"attachment-full size-full wp-image-3198\" alt=\"\" srcset=\"https:\/\/nau-uniforms.pl\/wp-content\/uploads\/2025\/10\/3-thumb.jpg 600w, https:\/\/nau-uniforms.pl\/wp-content\/uploads\/2025\/10\/3-thumb-300x150.jpg 300w, https:\/\/nau-uniforms.pl\/wp-content\/uploads\/2025\/10\/3-thumb-64x32.jpg 64w\" sizes=\"(max-width: 600px) 100vw, 600px\" \/><\/div>\n\t\t<\/a>\n\t\t\t\t<div class=\"elementor-post__text\">\n\t\t\t\t<h3 class=\"elementor-post__title\">\n\t\t\t<a href=\"https:\/\/nau-uniforms.pl\/index.php\/2025\/10\/09\/moda-fartuchowa\/\" >\n\t\t\t\tModa fartuchowa\t\t\t<\/a>\n\t\t<\/h3>\n\t\t\t\t\t<div class=\"elementor-post__read-more-wrapper\">\n\t\t\n\t\t<a class=\"elementor-post__read-more\" href=\"https:\/\/nau-uniforms.pl\/index.php\/2025\/10\/09\/moda-fartuchowa\/\" aria-label=\"Read more about Moda fartuchowa\" tabindex=\"-1\" >\n\t\t\tCzytaj wi\u0119cej &gt;\t\t<\/a>\n\n\t\t\t\t\t<\/div>\n\t\t\t\t<\/div>\n\t\t\t\t<\/article>\n\t\t\t\t<\/div>\n\t\t\n\t\t\t\t\t\t<\/div>\n\t\t\t\t<\/div>\n\t\t\t\t<\/div>\n\t\t\t\t<\/div>\n\t\t<div class=\"elementor-element elementor-element-92ad4eb e-grid e-con-full e-con e-parent\" data-id=\"92ad4eb\" data-element_type=\"container\">\n\t\t\t\t<div class=\"elementor-element elementor-element-87406f4 elementor-widget elementor-widget-spacer\" data-id=\"87406f4\" data-element_type=\"widget\" data-widget_type=\"spacer.default\">\n\t\t\t\t\t\t\t<div class=\"elementor-spacer\">\n\t\t\t<div class=\"elementor-spacer-inner\"><\/div>\n\t\t<\/div>\n\t\t\t\t\t\t<\/div>\n\t\t\t\t<\/div>\n\t\t\t\t<\/div>\n\t\t","protected":false},"excerpt":{"rendered":"<p>Blog<\/p>\n","protected":false},"author":1,"featured_media":0,"parent":0,"menu_order":0,"comment_status":"closed","ping_status":"closed","template":"elementor_header_footer","meta":{"footnotes":""},"class_list":["post-35","page","type-page","status-publish","hentry"],"jetpack_sharing_enabled":true,"_links":{"self":[{"href":"https:\/\/nau-uniforms.pl\/index.php\/wp-json\/wp\/v2\/pages\/35","targetHints":{"allow":["GET"]}}],"collection":[{"href":"https:\/\/nau-uniforms.pl\/index.php\/wp-json\/wp\/v2\/pages"}],"about":[{"href":"https:\/\/nau-uniforms.pl\/index.php\/wp-json\/wp\/v2\/types\/page"}],"author":[{"embeddable":true,"href":"https:\/\/nau-uniforms.pl\/index.php\/wp-json\/wp\/v2\/users\/1"}],"replies":[{"embeddable":true,"href":"https:\/\/nau-uniforms.pl\/index.php\/wp-json\/wp\/v2\/comments?post=35"}],"version-history":[{"count":32,"href":"https:\/\/nau-uniforms.pl\/index.php\/wp-json\/wp\/v2\/pages\/35\/revisions"}],"predecessor-version":[{"id":3286,"href":"https:\/\/nau-uniforms.pl\/index.php\/wp-json\/wp\/v2\/pages\/35\/revisions\/3286"}],"wp:attachment":[{"href":"https:\/\/nau-uniforms.pl\/index.php\/wp-json\/wp\/v2\/media?parent=35"}],"curies":[{"name":"wp","href":"https:\/\/api.w.org\/{rel}","templated":true}]}}