{"id":31,"date":"2025-08-05T10:00:19","date_gmt":"2025-08-05T08:00:19","guid":{"rendered":"https:\/\/nau-uniforms.pl\/?page_id=31"},"modified":"2025-10-02T09:14:58","modified_gmt":"2025-10-02T07:14:58","slug":"zamowienia-grupowe","status":"publish","type":"page","link":"https:\/\/nau-uniforms.pl\/index.php\/zamowienia-grupowe\/","title":{"rendered":"Zam\u00f3wienia grupowe"},"content":{"rendered":"\t\t<div data-elementor-type=\"wp-page\" data-elementor-id=\"31\" class=\"elementor elementor-31\" data-elementor-post-type=\"page\">\n\t\t\t\t<div class=\"elementor-element elementor-element-83f3d68 e-grid e-con-full e-con e-parent\" data-id=\"83f3d68\" data-element_type=\"container\">\n\t\t\t\t<div class=\"elementor-element elementor-element-0b3c230 elementor-widget elementor-widget-spacer\" data-id=\"0b3c230\" data-element_type=\"widget\" data-widget_type=\"spacer.default\">\n\t\t\t\t\t\t\t<div class=\"elementor-spacer\">\n\t\t\t<div class=\"elementor-spacer-inner\"><\/div>\n\t\t<\/div>\n\t\t\t\t\t\t<\/div>\n\t\t\t\t<\/div>\n\t\t<div class=\"elementor-element elementor-element-aebe158 e-grid e-con-full e-con e-parent\" data-id=\"aebe158\" data-element_type=\"container\">\n\t\t\t\t<div class=\"elementor-element elementor-element-d890c62 elementor-widget elementor-widget-heading\" data-id=\"d890c62\" data-element_type=\"widget\" data-widget_type=\"heading.default\">\n\t\t\t\t\t<h2 class=\"elementor-heading-title elementor-size-default\">Zam\u00f3wienia grupowe<\/h2>\t\t\t\t<\/div>\n\t\t\t\t<\/div>\n\t\t<div class=\"elementor-element elementor-element-d42c88e e-grid e-con-full e-con e-parent\" data-id=\"d42c88e\" data-element_type=\"container\">\n\t\t\t\t<div class=\"elementor-element elementor-element-9e3d346 elementor-widget elementor-widget-spacer\" data-id=\"9e3d346\" data-element_type=\"widget\" data-widget_type=\"spacer.default\">\n\t\t\t\t\t\t\t<div class=\"elementor-spacer\">\n\t\t\t<div class=\"elementor-spacer-inner\"><\/div>\n\t\t<\/div>\n\t\t\t\t\t\t<\/div>\n\t\t\t\t<\/div>\n\t\t<div class=\"elementor-element elementor-element-3909364 e-grid e-con-full e-con e-parent\" data-id=\"3909364\" data-element_type=\"container\">\n\t\t\t\t<div class=\"elementor-element elementor-element-1d08e82 elementor-widget elementor-widget-text-editor\" data-id=\"1d08e82\" data-element_type=\"widget\" data-widget_type=\"text-editor.default\">\n\t\t\t\t\t\t\t\t\t<p>Nasze scrubsy wyr\u00f3\u017cniaj\u0105 si\u0119 \u015bwietnym krojem, s\u0105 wygodne i \u0142atwe w utrzymaniu.<\/p><p>Je\u015bli chcesz, \u017ceby Tw\u00f3j Zesp\u00f3\u0142 wygl\u0105da\u0142 profesjonalnie a jednocze\u015bnie efektownie \u00a0i nieszablonowo wybierz\u00a0<strong>NAU<\/strong>!\u00a0<\/p><p>Skontaktuj si\u0119 z nami a zaproponujemy rozwi\u0105zanie dla Twojej kliniki lub salonu.<\/p><p>Jeste\u015bmy dla Ciebie pod numerem telefonu <span style=\"text-decoration: underline;\">505 092 001<\/span> lub adresem email <a href=\"mailto:hey@nau-uniforms.pl\"><span style=\"text-decoration: underline;\">hey@nau-uniforms.pl<\/span><\/a><\/p>\t\t\t\t\t\t\t\t<\/div>\n\t\t\t\t<\/div>\n\t\t<div class=\"elementor-element elementor-element-c58d267 e-grid e-con-full e-con e-parent\" data-id=\"c58d267\" data-element_type=\"container\">\n\t\t\t\t<div class=\"elementor-element elementor-element-ae82e37 elementor-widget elementor-widget-spacer\" data-id=\"ae82e37\" data-element_type=\"widget\" data-widget_type=\"spacer.default\">\n\t\t\t\t\t\t\t<div class=\"elementor-spacer\">\n\t\t\t<div class=\"elementor-spacer-inner\"><\/div>\n\t\t<\/div>\n\t\t\t\t\t\t<\/div>\n\t\t\t\t<\/div>\n\t\t\t\t<\/div>\n\t\t","protected":false},"excerpt":{"rendered":"<p>Zam\u00f3wienia grupowe Nasze scrubsy wyr\u00f3\u017cniaj\u0105 si\u0119 \u015bwietnym krojem, s\u0105 wygodne i \u0142atwe w utrzymaniu. Je\u015bli chcesz, \u017ceby Tw\u00f3j Zesp\u00f3\u0142 wygl\u0105da\u0142 profesjonalnie a jednocze\u015bnie efektownie \u00a0i nieszablonowo wybierz\u00a0NAU!\u00a0 Skontaktuj si\u0119 z nami a zaproponujemy rozwi\u0105zanie dla Twojej kliniki lub salonu. Jeste\u015bmy dla Ciebie pod numerem telefonu 505 092 001 lub adresem email hey@nau-uniforms.pl<\/p>\n","protected":false},"author":1,"featured_media":0,"parent":0,"menu_order":0,"comment_status":"closed","ping_status":"closed","template":"elementor_header_footer","meta":{"footnotes":""},"class_list":["post-31","page","type-page","status-publish","hentry"],"jetpack_sharing_enabled":true,"_links":{"self":[{"href":"https:\/\/nau-uniforms.pl\/index.php\/wp-json\/wp\/v2\/pages\/31","targetHints":{"allow":["GET"]}}],"collection":[{"href":"https:\/\/nau-uniforms.pl\/index.php\/wp-json\/wp\/v2\/pages"}],"about":[{"href":"https:\/\/nau-uniforms.pl\/index.php\/wp-json\/wp\/v2\/types\/page"}],"author":[{"embeddable":true,"href":"https:\/\/nau-uniforms.pl\/index.php\/wp-json\/wp\/v2\/users\/1"}],"replies":[{"embeddable":true,"href":"https:\/\/nau-uniforms.pl\/index.php\/wp-json\/wp\/v2\/comments?post=31"}],"version-history":[{"count":7,"href":"https:\/\/nau-uniforms.pl\/index.php\/wp-json\/wp\/v2\/pages\/31\/revisions"}],"predecessor-version":[{"id":3155,"href":"https:\/\/nau-uniforms.pl\/index.php\/wp-json\/wp\/v2\/pages\/31\/revisions\/3155"}],"wp:attachment":[{"href":"https:\/\/nau-uniforms.pl\/index.php\/wp-json\/wp\/v2\/media?parent=31"}],"curies":[{"name":"wp","href":"https:\/\/api.w.org\/{rel}","templated":true}]}}