{"id":13,"date":"2025-08-12T13:45:44","date_gmt":"2025-08-12T11:45:44","guid":{"rendered":"https:\/\/nau-uniforms.pl\/?page_id=13"},"modified":"2025-10-22T00:44:16","modified_gmt":"2025-10-21T22:44:16","slug":"zwroty","status":"publish","type":"page","link":"https:\/\/nau-uniforms.pl\/index.php\/zwroty\/","title":{"rendered":"Zwroty"},"content":{"rendered":"\t\t<div data-elementor-type=\"wp-page\" data-elementor-id=\"13\" class=\"elementor elementor-13\" data-elementor-post-type=\"page\">\n\t\t\t\t<div class=\"elementor-element elementor-element-31dfb61 e-grid e-con-full e-con e-parent\" data-id=\"31dfb61\" data-element_type=\"container\">\n\t\t\t\t<div class=\"elementor-element elementor-element-5d6f3e0 elementor-widget elementor-widget-spacer\" data-id=\"5d6f3e0\" data-element_type=\"widget\" data-widget_type=\"spacer.default\">\n\t\t\t\t\t\t\t<div class=\"elementor-spacer\">\n\t\t\t<div class=\"elementor-spacer-inner\"><\/div>\n\t\t<\/div>\n\t\t\t\t\t\t<\/div>\n\t\t\t\t<\/div>\n\t\t<div class=\"elementor-element elementor-element-cf00918 e-grid e-con-full e-con e-parent\" data-id=\"cf00918\" data-element_type=\"container\">\n\t\t\t\t<div class=\"elementor-element elementor-element-9e3d740 elementor-widget elementor-widget-heading\" data-id=\"9e3d740\" data-element_type=\"widget\" data-widget_type=\"heading.default\">\n\t\t\t\t\t<h2 class=\"elementor-heading-title elementor-size-default\">Zwroty<\/h2>\t\t\t\t<\/div>\n\t\t\t\t<\/div>\n\t\t<div class=\"elementor-element elementor-element-a777df8 e-grid e-con-full e-con e-parent\" data-id=\"a777df8\" data-element_type=\"container\">\n\t\t<div class=\"elementor-element elementor-element-b76fdfd e-con-full e-flex e-con e-child\" data-id=\"b76fdfd\" data-element_type=\"container\">\n\t\t\t\t<div class=\"elementor-element elementor-element-0b42983 elementor-widget elementor-widget-text-editor\" data-id=\"0b42983\" data-element_type=\"widget\" data-widget_type=\"text-editor.default\">\n\t\t\t\t\t\t\t\t\t<p style=\"font-weight: 400;\">Nie uda\u0142o Ci si\u0119 trafi\u0107 z rozmiarem scrubsa i chcesz go zwr\u00f3ci\u0107? Co\u015b jest nie tak z produktem, kt\u00f3ry do Ciebie trafi\u0142? Nie martw si\u0119, mo\u017cesz zwr\u00f3ci\u0107 zakupiony scrubs w terminie 14 dni od otrzymania przesy\u0142ki.\u00a0<\/p>\t\t\t\t\t\t\t\t<\/div>\n\t\t\t\t<\/div>\n\t\t\t\t<\/div>\n\t\t<div class=\"elementor-element elementor-element-9a8d36c e-grid e-con-full e-con e-parent\" data-id=\"9a8d36c\" data-element_type=\"container\">\n\t\t\t\t<div class=\"elementor-element elementor-element-ed49150 elementor-widget elementor-widget-spacer\" data-id=\"ed49150\" data-element_type=\"widget\" data-widget_type=\"spacer.default\">\n\t\t\t\t\t\t\t<div class=\"elementor-spacer\">\n\t\t\t<div class=\"elementor-spacer-inner\"><\/div>\n\t\t<\/div>\n\t\t\t\t\t\t<\/div>\n\t\t\t\t<\/div>\n\t\t<div class=\"elementor-element elementor-element-df8c6bc e-grid e-con-full e-con e-parent\" data-id=\"df8c6bc\" data-element_type=\"container\">\n\t\t\t\t<div class=\"elementor-element elementor-element-69bd8aa elementor-widget elementor-widget-html\" data-id=\"69bd8aa\" data-element_type=\"widget\" data-widget_type=\"html.default\">\n\t\t\t\t\t<div id=\"ak_returns_banner_26a17561-6ac1-4db5-9ae7-fdd3d4e1c7d7\">[BANER-WZ]<\/div>\r\n\r\n<script>\r\n(function (i) {\r\n  var j = document.createElement(\"script\");\r\n  j.src = \"https:\/\/cdn.allekurier.pl\/mail-box\/banner.js?hid=\" + i;\r\n  j.async = true;\r\n  j.referrerPolicy = \"no-referrer-when-downgrade\";\r\n  document.body.appendChild(j);\r\n})(\"26a17561-6ac1-4db5-9ae7-fdd3d4e1c7d7\");\r\n<\/script>\r\n\t\t\t\t<\/div>\n\t\t\t\t<\/div>\n\t\t<div class=\"elementor-element elementor-element-9436cd6 e-grid e-con-full e-con e-parent\" data-id=\"9436cd6\" data-element_type=\"container\">\n\t\t\t\t<div class=\"elementor-element elementor-element-dc31fb3 elementor-widget elementor-widget-spacer\" data-id=\"dc31fb3\" data-element_type=\"widget\" data-widget_type=\"spacer.default\">\n\t\t\t\t\t\t\t<div class=\"elementor-spacer\">\n\t\t\t<div class=\"elementor-spacer-inner\"><\/div>\n\t\t<\/div>\n\t\t\t\t\t\t<\/div>\n\t\t\t\t<\/div>\n\t\t<div class=\"elementor-element elementor-element-543953b e-grid e-con-full e-con e-parent\" data-id=\"543953b\" data-element_type=\"container\">\n\t\t\t\t<div class=\"elementor-element elementor-element-7653e48 elementor-widget elementor-widget-heading\" data-id=\"7653e48\" data-element_type=\"widget\" data-widget_type=\"heading.default\">\n\t\t\t\t\t<h2 class=\"elementor-heading-title elementor-size-default\">Krok 1. - wype\u0142nij formularz<\/h2>\t\t\t\t<\/div>\n\t\t\t\t<\/div>\n\t\t<div class=\"elementor-element elementor-element-0f39ceb e-grid e-con-full e-con e-parent\" data-id=\"0f39ceb\" data-element_type=\"container\">\n\t\t<div class=\"elementor-element elementor-element-d76debf e-con-full e-flex e-con e-child\" data-id=\"d76debf\" data-element_type=\"container\">\n\t\t\t\t<div class=\"elementor-element elementor-element-9e05508 elementor-widget elementor-widget-text-editor\" data-id=\"9e05508\" data-element_type=\"widget\" data-widget_type=\"text-editor.default\">\n\t\t\t\t\t\t\t\t\t<p style=\"font-weight: 400;\">Wype\u0142nij formularz zwrotu, mo\u017cesz skorzysta\u0107 z tego, kt\u00f3ry za\u0142\u0105czyli\u015bmy, ale nie jest to obowi\u0105zkowe.\u00a0<\/p>\n<ul style=\"font-weight: 400;\">\n<li><a href=\"https:\/\/nau-uniforms.pl\/img\/cms\/FORMULARZ%20ODST%C4%84PIENIA%20OD%20UMOWY%20W%20PRZYPADKU%20KONSUMENTA.pdf\">Pobierz formularz dla Konsumenta<\/a><\/li>\n<li><a href=\"https:\/\/nau-uniforms.pl\/img\/cms\/FORMULARZ%20ODST%C4%84PIENIA%20OD%20UMOWY%20W%20PRZYPADKU%20PRZEDSI%C4%98BIORCY%20NA%20PRAWACH%20KONSUMENTA.pdf\">Pobierz formularz dla Przedsi\u0119biorcy na prawach Konsumenta<\/a><\/li>\n<\/ul>\t\t\t\t\t\t\t\t<\/div>\n\t\t\t\t<\/div>\n\t\t\t\t<\/div>\n\t\t<div class=\"elementor-element elementor-element-bbaae1d e-grid e-con-full e-con e-parent\" data-id=\"bbaae1d\" data-element_type=\"container\">\n\t\t\t\t<div class=\"elementor-element elementor-element-c9bb4d7 elementor-widget elementor-widget-spacer\" data-id=\"c9bb4d7\" data-element_type=\"widget\" data-widget_type=\"spacer.default\">\n\t\t\t\t\t\t\t<div class=\"elementor-spacer\">\n\t\t\t<div class=\"elementor-spacer-inner\"><\/div>\n\t\t<\/div>\n\t\t\t\t\t\t<\/div>\n\t\t\t\t<\/div>\n\t\t<div class=\"elementor-element elementor-element-87f23c0 e-grid e-con-full e-con e-parent\" data-id=\"87f23c0\" data-element_type=\"container\">\n\t\t\t\t<div class=\"elementor-element elementor-element-55aafb3 elementor-widget elementor-widget-heading\" data-id=\"55aafb3\" data-element_type=\"widget\" data-widget_type=\"heading.default\">\n\t\t\t\t\t<h2 class=\"elementor-heading-title elementor-size-default\">Krok 2. - spakuj produkt<\/h2>\t\t\t\t<\/div>\n\t\t\t\t<\/div>\n\t\t<div class=\"elementor-element elementor-element-bb0c63d e-grid e-con-full e-con e-parent\" data-id=\"bb0c63d\" data-element_type=\"container\">\n\t\t<div class=\"elementor-element elementor-element-c8169f1 e-con-full e-flex e-con e-child\" data-id=\"c8169f1\" data-element_type=\"container\">\n\t\t\t\t<div class=\"elementor-element elementor-element-3a36369 elementor-widget elementor-widget-text-editor\" data-id=\"3a36369\" data-element_type=\"widget\" data-widget_type=\"text-editor.default\">\n\t\t\t\t\t\t\t\t\t<p style=\"font-weight: 400;\">Zapakuj bezpiecznie produkt, kt\u00f3ry chcesz zwr\u00f3ci\u0107, a na paczce\u00a0<u>napisz numer zam\u00f3wienia.\u00a0<\/u>Pami\u0119taj prosz\u0119, \u017ce przyjmujemy tylko produkty nowe, nie noszone i posiadaj\u0105ce wszystkie metki.<\/p>\t\t\t\t\t\t\t\t<\/div>\n\t\t\t\t<\/div>\n\t\t\t\t<\/div>\n\t\t<div class=\"elementor-element elementor-element-7ba3ae2 e-grid e-con-full e-con e-parent\" data-id=\"7ba3ae2\" data-element_type=\"container\">\n\t\t\t\t<div class=\"elementor-element elementor-element-c9623bc elementor-widget elementor-widget-spacer\" data-id=\"c9623bc\" data-element_type=\"widget\" data-widget_type=\"spacer.default\">\n\t\t\t\t\t\t\t<div class=\"elementor-spacer\">\n\t\t\t<div class=\"elementor-spacer-inner\"><\/div>\n\t\t<\/div>\n\t\t\t\t\t\t<\/div>\n\t\t\t\t<\/div>\n\t\t<div class=\"elementor-element elementor-element-4d32db3 e-grid e-con-full e-con e-parent\" data-id=\"4d32db3\" data-element_type=\"container\">\n\t\t\t\t<div class=\"elementor-element elementor-element-830f83a elementor-widget elementor-widget-heading\" data-id=\"830f83a\" data-element_type=\"widget\" data-widget_type=\"heading.default\">\n\t\t\t\t\t<h2 class=\"elementor-heading-title elementor-size-default\">Krok 3. - ode\u015blij produkt do NAU<\/h2>\t\t\t\t<\/div>\n\t\t\t\t<\/div>\n\t\t<div class=\"elementor-element elementor-element-3a729fc e-grid e-con-full e-con e-parent\" data-id=\"3a729fc\" data-element_type=\"container\">\n\t\t<div class=\"elementor-element elementor-element-02560ac e-con-full e-flex e-con e-child\" data-id=\"02560ac\" data-element_type=\"container\">\n\t\t\t\t<div class=\"elementor-element elementor-element-f13d199 elementor-widget elementor-widget-text-editor\" data-id=\"f13d199\" data-element_type=\"widget\" data-widget_type=\"text-editor.default\">\n\t\t\t\t\t\t\t\t\t<p style=\"font-weight: 400;\">Bezpiecznie zapakowany produkt, wy\u015blij na sw\u00f3j koszt do NAU, adresuj\u0105c przesy\u0142k\u0119 nast\u0119puj\u0105co:<\/p>\n<p style=\"font-weight: 400;\">NAU Uniforms\u00a0<\/p>\n<p>Pu\u0142awska 564, 02-884 Warszawa<\/p>\n<p style=\"font-weight: 400;\">tel. 505\u00a0092 001<\/p>\t\t\t\t\t\t\t\t<\/div>\n\t\t\t\t<\/div>\n\t\t\t\t<\/div>\n\t\t<div class=\"elementor-element elementor-element-b63c4df e-grid e-con-full e-con e-parent\" data-id=\"b63c4df\" data-element_type=\"container\">\n\t\t\t\t<div class=\"elementor-element elementor-element-07e39e1 elementor-widget elementor-widget-spacer\" data-id=\"07e39e1\" data-element_type=\"widget\" data-widget_type=\"spacer.default\">\n\t\t\t\t\t\t\t<div class=\"elementor-spacer\">\n\t\t\t<div class=\"elementor-spacer-inner\"><\/div>\n\t\t<\/div>\n\t\t\t\t\t\t<\/div>\n\t\t\t\t<\/div>\n\t\t<div class=\"elementor-element elementor-element-40bfa5c e-grid e-con-full e-con e-parent\" data-id=\"40bfa5c\" data-element_type=\"container\">\n\t\t\t\t<div class=\"elementor-element elementor-element-fd21fc3 elementor-widget elementor-widget-heading\" data-id=\"fd21fc3\" data-element_type=\"widget\" data-widget_type=\"heading.default\">\n\t\t\t\t\t<h2 class=\"elementor-heading-title elementor-size-default\">Krok 4. - poczekaj na zwrot wp\u0142aty<\/h2>\t\t\t\t<\/div>\n\t\t\t\t<\/div>\n\t\t<div class=\"elementor-element elementor-element-a4594b8 e-grid e-con-full e-con e-parent\" data-id=\"a4594b8\" data-element_type=\"container\">\n\t\t<div class=\"elementor-element elementor-element-68ceb4a e-con-full e-flex e-con e-child\" data-id=\"68ceb4a\" data-element_type=\"container\">\n\t\t\t\t<div class=\"elementor-element elementor-element-6fd6354 elementor-widget elementor-widget-text-editor\" data-id=\"6fd6354\" data-element_type=\"widget\" data-widget_type=\"text-editor.default\">\n\t\t\t\t\t\t\t\t\t<p style=\"font-weight: 400;\">Kiedy Twoja przesy\u0142ka do nas dotrze, sprawdzamy odes\u0142any produkt i je\u015bli wszystko si\u0119 zgadza, dokonujemy zwrotu nale\u017cno\u015bci.<\/p>\n<p style=\"font-weight: 400;\">Zwroty s\u0105 realizowane w takiej samej formie, jak p\u0142atno\u015b\u0107 za zam\u00f3wienie (zwrot przez Przelewy24 lub jako przelew, je\u017celi p\u0142aci\u0142e\u015b za pobraniem koniecznie uzupe\u0142nij numer konta w formularzu), w ci\u0105gu 14 dni od momentu kiedy otrzymamy od Ciebie paczk\u0119.<\/p>\t\t\t\t\t\t\t\t<\/div>\n\t\t\t\t<\/div>\n\t\t\t\t<\/div>\n\t\t<div class=\"elementor-element elementor-element-339f253 e-grid e-con-full e-con e-parent\" data-id=\"339f253\" data-element_type=\"container\">\n\t\t\t\t<div class=\"elementor-element elementor-element-35cc1f8 elementor-widget elementor-widget-spacer\" data-id=\"35cc1f8\" data-element_type=\"widget\" data-widget_type=\"spacer.default\">\n\t\t\t\t\t\t\t<div class=\"elementor-spacer\">\n\t\t\t<div class=\"elementor-spacer-inner\"><\/div>\n\t\t<\/div>\n\t\t\t\t\t\t<\/div>\n\t\t\t\t<\/div>\n\t\t\t\t<\/div>\n\t\t","protected":false},"excerpt":{"rendered":"<p>Zwroty Nie uda\u0142o Ci si\u0119 trafi\u0107 z rozmiarem scrubsa i chcesz go zwr\u00f3ci\u0107? Co\u015b jest nie tak z produktem, kt\u00f3ry do Ciebie trafi\u0142? Nie martw si\u0119, mo\u017cesz zwr\u00f3ci\u0107 zakupiony scrubs w terminie 14 dni od otrzymania przesy\u0142ki.\u00a0 [BANER-WZ] Krok 1. &#8211; wype\u0142nij formularz Wype\u0142nij formularz zwrotu, mo\u017cesz skorzysta\u0107 z tego, kt\u00f3ry za\u0142\u0105czyli\u015bmy, ale nie jest [&hellip;]<\/p>\n","protected":false},"author":1,"featured_media":0,"parent":0,"menu_order":0,"comment_status":"closed","ping_status":"closed","template":"elementor_header_footer","meta":{"footnotes":""},"class_list":["post-13","page","type-page","status-publish","hentry"],"jetpack_sharing_enabled":true,"_links":{"self":[{"href":"https:\/\/nau-uniforms.pl\/index.php\/wp-json\/wp\/v2\/pages\/13","targetHints":{"allow":["GET"]}}],"collection":[{"href":"https:\/\/nau-uniforms.pl\/index.php\/wp-json\/wp\/v2\/pages"}],"about":[{"href":"https:\/\/nau-uniforms.pl\/index.php\/wp-json\/wp\/v2\/types\/page"}],"author":[{"embeddable":true,"href":"https:\/\/nau-uniforms.pl\/index.php\/wp-json\/wp\/v2\/users\/1"}],"replies":[{"embeddable":true,"href":"https:\/\/nau-uniforms.pl\/index.php\/wp-json\/wp\/v2\/comments?post=13"}],"version-history":[{"count":16,"href":"https:\/\/nau-uniforms.pl\/index.php\/wp-json\/wp\/v2\/pages\/13\/revisions"}],"predecessor-version":[{"id":3759,"href":"https:\/\/nau-uniforms.pl\/index.php\/wp-json\/wp\/v2\/pages\/13\/revisions\/3759"}],"wp:attachment":[{"href":"https:\/\/nau-uniforms.pl\/index.php\/wp-json\/wp\/v2\/media?parent=13"}],"curies":[{"name":"wp","href":"https:\/\/api.w.org\/{rel}","templated":true}]}}